{"id":2161,"date":"2020-03-26T12:35:17","date_gmt":"2020-03-26T11:35:17","guid":{"rendered":"http:\/\/bilbao.elemultisite.eleusal.com\/?page_id=2161"},"modified":"2025-10-27T09:26:47","modified_gmt":"2025-10-27T08:26:47","slug":"legal-warning","status":"publish","type":"page","link":"https:\/\/strasbourg.eleusal.com\/en\/legal-warning\/","title":{"rendered":"Legal warning"},"content":{"rendered":"<p>[vc_row css_animation=&#8221;&#8221; row_type=&#8221;row&#8221; use_row_as_full_screen_section=&#8221;no&#8221; type=&#8221;full_width&#8221; angled_section=&#8221;no&#8221; text_align=&#8221;left&#8221; background_image_as_pattern=&#8221;without_pattern&#8221;][vc_column][vc_column_text]<\/p>\n<h2 id=\"legal-notice\" class=\"mb-2 mt-4 font-display font-semimedium text-base first:mt-0 md:text-lg [hr+&amp;]:mt-4\">Legal notice<\/h2>\n<p class=\"my-2 [&amp;+p]:mt-4 [&amp;_strong:has(+br)]:inline-block [&amp;_strong:has(+br)]:pb-2\" style=\"text-align: justify\">In accordance with French law no. 2004-575 of June 21, 2004 on confidence in the digital economy (LCEN), the provisions of the Local Civil Code of Alsace-Moselle and the requirements of the Qualiopi certification.<\/p>\n<p>&nbsp;<\/p>\n<h2><\/h2>\n<h3 class=\"mb-2 mt-4 font-display font-semimedium text-base first:mt-0\">1. Site publisher<\/h3>\n<p>&nbsp;<\/p>\n<p class=\"my-2 [&amp;+p]:mt-4 [&amp;_strong:has(+br)]:inline-block [&amp;_strong:has(+br)]:pb-2\"><strong>Name<\/strong>\u00a0: INSTITUT DE LANGUE ESPAGNOLE ELE USAL STRASBOURG<br \/>\n<strong>Legal form<\/strong> : Local law registered association (Bas-Rhin), governed by articles 21 to 79 of the Local Civil Code of Alsace-Moselle.<br \/>\n<strong>Registered with<\/strong> : Tribunal Judiciaire de Strasbourg (Strasbourg District Court).<br \/>\n<strong>Registered office<\/strong> : 9 rue Saint-Alo\u00efse, 67100 Strasbourg, France.<br \/>\n<strong>SIRET<\/strong> : 812 275 733 00036.<br \/>\n<strong>RNA (National Register of Associations)<\/strong> : W671189640.<br \/>\n<strong>NDA (Activity Declaration Number)<\/strong> : 42 67 05560 67.<br \/>\n<strong>Phone<\/strong>\u00a0: +33 6 67 53 77 41<br \/>\n<strong>Email<\/strong>\u00a0:\u00a0<a class=\"reset interactable cursor-pointer decoration-1 underline-offset-1 text-super hover:underline font-semibold\" href=\"mailto:info@strasbourg-eleusal.com\" target=\"_blank\" rel=\"nofollow noopener\">info@strasbourg-eleusal.com<\/a><br \/>\n<strong>Publication director<\/strong> : Mrs. Diana BRAVO MORENO (President of the association).<\/p>\n<p class=\"my-2 [&amp;+p]:mt-4 [&amp;_strong:has(+br)]:inline-block [&amp;_strong:has(+br)]:pb-2\"><strong>Qualiopi Certification<\/strong> : Organization certified Qualiopi for training actions.<\/p>\n<p class=\"my-2 [&amp;+p]:mt-4 [&amp;_strong:has(+br)]:inline-block [&amp;_strong:has(+br)]:pb-2\"><strong>Approved examination center<\/strong> : DELE and SIELE by Instituto Cervantes.<\/p>\n<p>&nbsp;<\/p>\n<h3 class=\"mb-2 mt-4 font-display font-semimedium text-base first:mt-0\">2. Website hosting<\/h3>\n<p>&nbsp;<\/p>\n<p class=\"my-2 [&amp;+p]:mt-4 [&amp;_strong:has(+br)]:inline-block [&amp;_strong:has(+br)]:pb-2\">The website\u00a0<a class=\"reset interactable cursor-pointer decoration-1 underline-offset-1 text-super hover:underline font-semibold\" href=\"https:\/\/strasbourg.eleusal.com\/\" target=\"_blank\" rel=\"nofollow noopener\">https:\/\/strasbourg.eleusal.com<\/a>\u00a0is hosted by\u00a0<strong>ESCUELAS DE LENGUA ESPA\u00d1OLA DE LA UNIVERSIDAD DE SALAMANCA S.L.<\/strong>\u00a0(ELE USAL Central)<\/p>\n<p class=\"my-2 [&amp;+p]:mt-4 [&amp;_strong:has(+br)]:inline-block [&amp;_strong:has(+br)]:pb-2\"><strong>Corporate name<\/strong>\u00a0: ESCUELAS DE LENGUA ESPA\u00d1OLA DE LA UNIVERSIDAD DE SALAMANCA S.L.<br \/>\n<strong>Registered office<\/strong>\u00a0: Patio de Escuelas, n.\u00ba 1, 37008 Salamanca, Spain<br \/>\n<strong>CIF (Spanish equivalent of SIRET)<\/strong>\u00a0: B37526704<br \/>\n<strong>Email<\/strong>\u00a0:\u00a0<a class=\"reset interactable cursor-pointer decoration-1 underline-offset-1 text-super hover:underline font-semibold\" href=\"mailto:eleusal@usal.es\" target=\"_blank\" rel=\"nofollow noopener\">eleusal@usal.es<\/a><\/p>\n<p class=\"my-2 [&amp;+p]:mt-4 [&amp;_strong:has(+br)]:inline-block [&amp;_strong:has(+br)]:pb-2\">The host ensures the storage of site data in accordance with Spanish law and applicable European directives.<\/p>\n<p>&nbsp;<\/p>\n<h3 class=\"mb-2 mt-4 font-display font-semimedium text-base first:mt-0\">3. Purpose of the site<\/h3>\n<p>&nbsp;<\/p>\n<p class=\"my-2 [&amp;+p]:mt-4 [&amp;_strong:has(+br)]:inline-block [&amp;_strong:has(+br)]:pb-2\">The purpose of this website is to:<\/p>\n<p class=\"my-2 [&amp;+p]:mt-4 [&amp;_strong:has(+br)]:inline-block [&amp;_strong:has(+br)]:pb-2\">&#8211; Present the offer of Spanish language training courses (all levels A1 to C2 according to CEFR).<\/p>\n<p class=\"my-2 [&amp;+p]:mt-4 [&amp;_strong:has(+br)]:inline-block [&amp;_strong:has(+br)]:pb-2\">&#8211; Provide information on official DELE and SIELE exams.<\/p>\n<p class=\"my-2 [&amp;+p]:mt-4 [&amp;_strong:has(+br)]:inline-block [&amp;_strong:has(+br)]:pb-2\">&#8211; Allow contact and registration for training courses.<\/p>\n<p class=\"my-2 [&amp;+p]:mt-4 [&amp;_strong:has(+br)]:inline-block [&amp;_strong:has(+br)]:pb-2\">&#8211; Disseminate mandatory legal and regulatory information.<\/p>\n<p>&nbsp;<\/p>\n<h3 class=\"mb-2 mt-4 font-display font-semimedium text-base first:mt-0\">4. Applicable law and jurisdiction<\/h3>\n<p>&nbsp;<\/p>\n<p class=\"my-2 [&amp;+p]:mt-4 [&amp;_strong:has(+br)]:inline-block [&amp;_strong:has(+br)]:pb-2\">This site, contractual and pre-contractual relations with ELE USAL Strasbourg are governed by\u00a0<strong>French law<\/strong>.<\/p>\n<p class=\"my-2 [&amp;+p]:mt-4 [&amp;_strong:has(+br)]:inline-block [&amp;_strong:has(+br)]:pb-2\">In case of dispute, and after attempt at amicable resolution,\u00a0<strong>the competent jurisdiction is that of the courts of Strasbourg (France)<\/strong>, notwithstanding plurality of defendants or third-party notice.<\/p>\n<p class=\"my-2 [&amp;+p]:mt-4 [&amp;_strong:has(+br)]:inline-block [&amp;_strong:has(+br)]:pb-2\"><strong>Consumer mediation<\/strong>\u00a0: In accordance with article L. 612-1 of the French Consumer Code, in case of disagreement, consumers may use a consumer mediator free of charge. Contact details available upon request at\u00a0<a class=\"reset interactable cursor-pointer decoration-1 underline-offset-1 text-super hover:underline font-semibold\" href=\"mailto:info@strasbourg-eleusal.com\" target=\"_blank\" rel=\"nofollow noopener\">info@strasbourg-eleusal.com<\/a>.<\/p>\n<p>&nbsp;<\/p>\n<h3 class=\"mb-2 mt-4 font-display font-semimedium text-base first:mt-0\">5. Personal data protection (GDPR)<\/h3>\n<p>&nbsp;<\/p>\n<p class=\"my-2 [&amp;+p]:mt-4 [&amp;_strong:has(+br)]:inline-block [&amp;_strong:has(+br)]:pb-2\"><strong>Data controller<\/strong>\u00a0: INSTITUT DE LANGUE ESPAGNOLE ELE USAL STRASBOURG<\/p>\n<p class=\"my-2 [&amp;+p]:mt-4 [&amp;_strong:has(+br)]:inline-block [&amp;_strong:has(+br)]:pb-2\"><strong>Processing purposes<\/strong>\u00a0:<\/p>\n<p class=\"my-2 [&amp;+p]:mt-4 [&amp;_strong:has(+br)]:inline-block [&amp;_strong:has(+br)]:pb-2\">&#8211; Management of information requests and registrations.<\/p>\n<p class=\"my-2 [&amp;+p]:mt-4 [&amp;_strong:has(+br)]:inline-block [&amp;_strong:has(+br)]:pb-2\">&#8211; Administrative and pedagogical management of training courses.<\/p>\n<p class=\"my-2 [&amp;+p]:mt-4 [&amp;_strong:has(+br)]:inline-block [&amp;_strong:has(+br)]:pb-2\">&#8211; Invoicing and commercial follow-up.<\/p>\n<p class=\"my-2 [&amp;+p]:mt-4 [&amp;_strong:has(+br)]:inline-block [&amp;_strong:has(+br)]:pb-2\">&#8211; Sending information about our training courses (with prior consent).<\/p>\n<p class=\"my-2 [&amp;+p]:mt-4 [&amp;_strong:has(+br)]:inline-block [&amp;_strong:has(+br)]:pb-2\"><strong>Legal basis<\/strong>\u00a0: Contract performance, consent, legitimate interest, legal obligations<\/p>\n<p class=\"my-2 [&amp;+p]:mt-4 [&amp;_strong:has(+br)]:inline-block [&amp;_strong:has(+br)]:pb-2\"><strong>Retention period<\/strong>\u00a0: Data is retained for the time necessary for the purposes for which it was collected, then archived in accordance with legal obligations.<\/p>\n<p class=\"my-2 [&amp;+p]:mt-4 [&amp;_strong:has(+br)]:inline-block [&amp;_strong:has(+br)]:pb-2\"><strong>Individual rights<\/strong>\u00a0: In accordance with the General Data Protection Regulation (GDPR &#8211; EU 2016\/679) and the French Data Protection Act (Informatique et Libert\u00e9s), you have the right to access, rectify, erase, object to, limit processing and port your personal data.<\/p>\n<p class=\"my-2 [&amp;+p]:mt-4 [&amp;_strong:has(+br)]:inline-block [&amp;_strong:has(+br)]:pb-2\">You can exercise these rights by writing to:\u00a0<a class=\"reset interactable cursor-pointer decoration-1 underline-offset-1 text-super hover:underline font-semibold\" href=\"mailto:info@strasbourg-eleusal.com\" target=\"_blank\" rel=\"nofollow noopener\">info@strasbourg-eleusal.com<\/a>\u00a0or by mail to the registered office.<\/p>\n<p class=\"my-2 [&amp;+p]:mt-4 [&amp;_strong:has(+br)]:inline-block [&amp;_strong:has(+br)]:pb-2\"><strong>Complaint<\/strong>\u00a0: You may lodge a complaint with the French National Commission on Informatics and Liberty (CNIL):\u00a0<a class=\"reset interactable cursor-pointer decoration-1 underline-offset-1 text-super hover:underline font-semibold\" href=\"https:\/\/www.cnil.fr\/\" target=\"_blank\" rel=\"nofollow noopener\">https:\/\/www.cnil.fr<\/a><\/p>\n<p>&nbsp;<\/p>\n<h3 class=\"mb-2 mt-4 font-display font-semimedium text-base first:mt-0\">6. Cookies<\/h3>\n<p>&nbsp;<\/p>\n<p class=\"my-2 [&amp;+p]:mt-4 [&amp;_strong:has(+br)]:inline-block [&amp;_strong:has(+br)]:pb-2\">The site uses cookies to ensure its proper functioning, produce visit statistics and improve user experience.<\/p>\n<p class=\"my-2 [&amp;+p]:mt-4 [&amp;_strong:has(+br)]:inline-block [&amp;_strong:has(+br)]:pb-2\">You can manage your preferences at any time via the cookie management banner or your browser settings.<\/p>\n<p class=\"my-2 [&amp;+p]:mt-4 [&amp;_strong:has(+br)]:inline-block [&amp;_strong:has(+br)]:pb-2\">For more information, see our <a href=\"https:\/\/strasbourg.eleusal.com\/en\/cookies-policy\/\" target=\"_blank\" rel=\"noopener\">Cookie Policy.<\/a><\/p>\n<p>&nbsp;<\/p>\n<h3 class=\"mb-2 mt-4 font-display font-semimedium text-base first:mt-0\">7. Intellectual property<\/h3>\n<p>&nbsp;<\/p>\n<p class=\"my-2 [&amp;+p]:mt-4 [&amp;_strong:has(+br)]:inline-block [&amp;_strong:has(+br)]:pb-2\">All content present on this site (texts, images, logos, videos, graphics, programs, databases, etc.) is protected by copyright, trademark law and database rights.<\/p>\n<p class=\"my-2 [&amp;+p]:mt-4 [&amp;_strong:has(+br)]:inline-block [&amp;_strong:has(+br)]:pb-2\">Any reproduction, representation, modification, publication, adaptation, in whole or in part, of the site&#8217;s elements, whatever the means or process used, is prohibited without the prior written authorization of ELE USAL Strasbourg or ESCUELAS DE LENGUA ESPA\u00d1OLA DE LA UNIVERSIDAD DE SALAMANCA S.L.<\/p>\n<p class=\"my-2 [&amp;+p]:mt-4 [&amp;_strong:has(+br)]:inline-block [&amp;_strong:has(+br)]:pb-2\">Any unauthorized use of the site or any of its elements will be considered as counterfeiting and prosecuted in accordance with the provisions of articles L. 335-2 and following of the French Intellectual Property Code.<\/p>\n<p>&nbsp;<\/p>\n<h3 class=\"mb-2 mt-4 font-display font-semimedium text-base first:mt-0\">8. Liability and warranty limitation<\/h3>\n<p>&nbsp;<\/p>\n<p class=\"my-2 [&amp;+p]:mt-4 [&amp;_strong:has(+br)]:inline-block [&amp;_strong:has(+br)]:pb-2\">ELE USAL Strasbourg strives to ensure the accuracy and updating of information on this site. However, it cannot guarantee the accuracy, precision or completeness of the information made available.<\/p>\n<p class=\"my-2 [&amp;+p]:mt-4 [&amp;_strong:has(+br)]:inline-block [&amp;_strong:has(+br)]:pb-2\">Consequently, users acknowledge that they use this information at their own risk.<\/p>\n<p class=\"my-2 [&amp;+p]:mt-4 [&amp;_strong:has(+br)]:inline-block [&amp;_strong:has(+br)]:pb-2\">ELE USAL Strasbourg cannot be held liable for direct or indirect damages resulting from access to or use of the site, including inaccessibility, data loss, deterioration, destruction or viruses that could affect the user&#8217;s computer equipment.<\/p>\n<p class=\"my-2 [&amp;+p]:mt-4 [&amp;_strong:has(+br)]:inline-block [&amp;_strong:has(+br)]:pb-2\"><strong>Hyperlinks<\/strong>\u00a0: The site may contain links to other websites. ELE USAL Strasbourg exercises no control over these sites and disclaims all responsibility for their content.<\/p>\n<p>&nbsp;<\/p>\n<h3 class=\"mb-2 mt-4 font-display font-semimedium text-base first:mt-0\">9. Complaints<\/h3>\n<p>&nbsp;<\/p>\n<p class=\"my-2 [&amp;+p]:mt-4 [&amp;_strong:has(+br)]:inline-block [&amp;_strong:has(+br)]:pb-2\">Any complaint relating to training services can be addressed:<\/p>\n<p class=\"my-2 [&amp;+p]:mt-4 [&amp;_strong:has(+br)]:inline-block [&amp;_strong:has(+br)]:pb-2\">&#8211; By email: <a class=\"reset interactable cursor-pointer decoration-1 underline-offset-1 text-super hover:underline font-semibold\" href=\"mailto:info@strasbourg-eleusal.com\" target=\"_blank\" rel=\"nofollow noopener\">info@strasbourg-eleusal.com<\/a><\/p>\n<p class=\"my-2 [&amp;+p]:mt-4 [&amp;_strong:has(+br)]:inline-block [&amp;_strong:has(+br)]:pb-2\">&#8211; By mail: ELE USAL Strasbourg, 9 rue Saint-Alo\u00efse, 67100 Strasbourg, France.<\/p>\n<p class=\"my-2 [&amp;+p]:mt-4 [&amp;_strong:has(+br)]:inline-block [&amp;_strong:has(+br)]:pb-2\">&#8211; Via the <a href=\"https:\/\/strasbourg.eleusal.com\/wp-admin\/post.php?post=16035&amp;action=edit&amp;lang=fr\" target=\"_blank\" rel=\"noopener\">complaint form<\/a> available on the site.<\/p>\n<p class=\"my-2 [&amp;+p]:mt-4 [&amp;_strong:has(+br)]:inline-block [&amp;_strong:has(+br)]:pb-2\">An acknowledgment of receipt will be sent within 48 hours. A reasoned response will be provided within a maximum of 15 working days.<\/p>\n<p class=\"my-2 [&amp;+p]:mt-4 [&amp;_strong:has(+br)]:inline-block [&amp;_strong:has(+br)]:pb-2\">In accordance with Indicator 31 of the Qualiopi framework, all complaints are recorded, processed and monitored for continuous improvement.<\/p>\n<p>&nbsp;<\/p>\n<h3 class=\"mb-2 mt-4 font-display font-semimedium text-base first:mt-0\">10. Accessibility<\/h3>\n<p>&nbsp;<\/p>\n<p class=\"my-2 [&amp;+p]:mt-4 [&amp;_strong:has(+br)]:inline-block [&amp;_strong:has(+br)]:pb-2\">ELE USAL Strasbourg is committed to making its site accessible to all in accordance with the RGAA (R\u00e9f\u00e9rentiel G\u00e9n\u00e9ral d&#8217;Am\u00e9lioration de l&#8217;Accessibilit\u00e9 &#8211; General Accessibility Improvement Guidelines).<\/p>\n<p class=\"my-2 [&amp;+p]:mt-4 [&amp;_strong:has(+br)]:inline-block [&amp;_strong:has(+br)]:pb-2\">For any adaptation request or information on accessibility, contact our disability coordinator: Mrs. Diana BRAVO MORENO &#8211;\u00a0<a class=\"reset interactable cursor-pointer decoration-1 underline-offset-1 text-super hover:underline font-semibold\" href=\"mailto:dbmoreno@strasbourg-eleusal.com\" target=\"_blank\" rel=\"nofollow noopener\">dbmoreno@strasbourg-eleusal.com<\/a><\/p>\n<p class=\"my-2 [&amp;+p]:mt-4 [&amp;_strong:has(+br)]:inline-block [&amp;_strong:has(+br)]:pb-2\">See our <a href=\"https:\/\/strasbourg.eleusal.com\/en\/persons-with-disabilities\/\" target=\"_blank\" rel=\"noopener\"><strong>Accessibility Policy.<\/strong><\/a><\/p>\n<p>&nbsp;<\/p>\n<h3 class=\"mb-2 mt-4 font-display font-semimedium text-base first:mt-0\">11. Modifications<\/h3>\n<p>&nbsp;<\/p>\n<p class=\"my-2 [&amp;+p]:mt-4 [&amp;_strong:has(+br)]:inline-block [&amp;_strong:has(+br)]:pb-2\">ELE USAL Strasbourg reserves the right to modify these legal notices at any time. Users are invited to consult them regularly.<\/p>\n<p class=\"my-2 [&amp;+p]:mt-4 [&amp;_strong:has(+br)]:inline-block [&amp;_strong:has(+br)]:pb-2\"><strong>Last update<\/strong>\u00a0: October 23, 2025<\/p>\n<p>&nbsp;<\/p>\n<p class=\"my-2 [&amp;+p]:mt-4 [&amp;_strong:has(+br)]:inline-block [&amp;_strong:has(+br)]:pb-2\"><strong>For any questions regarding these legal notices, contact us at: <a class=\"reset interactable cursor-pointer decoration-1 underline-offset-1 text-super hover:underline font-semibold\" href=\"mailto:info@strasbourg-eleusal.com\" target=\"_blank\" rel=\"nofollow noopener\">info@strasbourg-eleusal.com<\/a><\/strong><\/p>\n<p>&nbsp;<\/p>\n<p>\u00a9 2025 Institut de Langue Espagnole ELE USAL Strasbourg[\/vc_column_text][\/vc_column][\/vc_row][vc_row css_animation=&#8221;&#8221; row_type=&#8221;row&#8221; use_row_as_full_screen_section=&#8221;no&#8221; type=&#8221;full_width&#8221; angled_section=&#8221;no&#8221; text_align=&#8221;left&#8221; background_image_as_pattern=&#8221;without_pattern&#8221;][vc_column][vc_empty_space][vc_empty_space][vc_empty_space][\/vc_column][\/vc_row]<\/p>\n","protected":false},"excerpt":{"rendered":"<p>[vc_row css_animation=&#8221;&#8221; row_type=&#8221;row&#8221; use_row_as_full_screen_section=&#8221;no&#8221; type=&#8221;full_width&#8221; angled_section=&#8221;no&#8221; text_align=&#8221;left&#8221; background_image_as_pattern=&#8221;without_pattern&#8221;][vc_column][vc_column_text] Legal notice In accordance with French law no. 2004-575 of June 21, 2004 on confidence in the digital economy (LCEN), the provisions of the Local Civil Code of Alsace-Moselle and the requirements of the Qualiopi certification. &nbsp;&#8230;<\/p>\n","protected":false},"author":19,"featured_media":0,"parent":0,"menu_order":0,"comment_status":"closed","ping_status":"closed","template":"","meta":{"footnotes":""},"class_list":["post-2161","page","type-page","status-publish","hentry"],"yoast_head":"<!-- This site is optimized with the Yoast SEO plugin v24.2 - https:\/\/yoast.com\/wordpress\/plugins\/seo\/ -->\n<title>Legal warning - ELE USAL Strasbourg<\/title>\n<meta name=\"description\" content=\"Legal warning\" \/>\n<meta name=\"robots\" content=\"noindex, follow\" \/>\n<meta property=\"og:locale\" content=\"en_US\" \/>\n<meta property=\"og:type\" content=\"article\" \/>\n<meta property=\"og:title\" content=\"Legal warning - ELE USAL Strasbourg\" \/>\n<meta property=\"og:description\" content=\"Legal warning\" \/>\n<meta property=\"og:url\" content=\"https:\/\/strasbourg.eleusal.com\/en\/legal-warning\/\" \/>\n<meta property=\"og:site_name\" content=\"ELE USAL Strasbourg\" \/>\n<meta property=\"article:publisher\" content=\"https:\/\/www.facebook.com\/StrasbourgELEUSAL\/\" \/>\n<meta property=\"article:modified_time\" content=\"2025-10-27T08:26:47+00:00\" \/>\n<meta name=\"twitter:card\" content=\"summary_large_image\" \/>\n<meta name=\"twitter:site\" content=\"@StrasbourgEle\" \/>\n<meta name=\"twitter:label1\" content=\"Est. reading time\" \/>\n\t<meta name=\"twitter:data1\" content=\"5 minutes\" \/>\n<script type=\"application\/ld+json\" class=\"yoast-schema-graph\">{\"@context\":\"https:\/\/schema.org\",\"@graph\":[{\"@type\":\"WebPage\",\"@id\":\"https:\/\/strasbourg.eleusal.com\/en\/legal-warning\/\",\"url\":\"https:\/\/strasbourg.eleusal.com\/en\/legal-warning\/\",\"name\":\"Legal warning - ELE USAL Strasbourg\",\"isPartOf\":{\"@id\":\"https:\/\/strasbourg.eleusal.com\/fr\/#website\"},\"datePublished\":\"2020-03-26T11:35:17+00:00\",\"dateModified\":\"2025-10-27T08:26:47+00:00\",\"description\":\"Legal warning\",\"breadcrumb\":{\"@id\":\"https:\/\/strasbourg.eleusal.com\/en\/legal-warning\/#breadcrumb\"},\"inLanguage\":\"en-US\",\"potentialAction\":[{\"@type\":\"ReadAction\",\"target\":[\"https:\/\/strasbourg.eleusal.com\/en\/legal-warning\/\"]}]},{\"@type\":\"BreadcrumbList\",\"@id\":\"https:\/\/strasbourg.eleusal.com\/en\/legal-warning\/#breadcrumb\",\"itemListElement\":[{\"@type\":\"ListItem\",\"position\":1,\"name\":\"Home\",\"item\":\"https:\/\/strasbourg.eleusal.com\/en\/\"},{\"@type\":\"ListItem\",\"position\":2,\"name\":\"Legal warning\"}]},{\"@type\":\"WebSite\",\"@id\":\"https:\/\/strasbourg.eleusal.com\/fr\/#website\",\"url\":\"https:\/\/strasbourg.eleusal.com\/fr\/\",\"name\":\"ELE USAL Strasbourg\",\"description\":\"Institut de Langue Espagnole, apprentissage espagnol, Strasbourg\",\"publisher\":{\"@id\":\"https:\/\/strasbourg.eleusal.com\/fr\/#organization\"},\"potentialAction\":[{\"@type\":\"SearchAction\",\"target\":{\"@type\":\"EntryPoint\",\"urlTemplate\":\"https:\/\/strasbourg.eleusal.com\/fr\/?s={search_term_string}\"},\"query-input\":{\"@type\":\"PropertyValueSpecification\",\"valueRequired\":true,\"valueName\":\"search_term_string\"}}],\"inLanguage\":\"en-US\"},{\"@type\":\"Organization\",\"@id\":\"https:\/\/strasbourg.eleusal.com\/fr\/#organization\",\"name\":\"ELE USAL Strasbourg\",\"url\":\"https:\/\/strasbourg.eleusal.com\/fr\/\",\"logo\":{\"@type\":\"ImageObject\",\"inLanguage\":\"en-US\",\"@id\":\"https:\/\/strasbourg.eleusal.com\/fr\/#\/schema\/logo\/image\/\",\"url\":\"https:\/\/strasbourg.eleusal.com\/wp-content\/uploads\/sites\/29\/2025\/06\/ELE_Strasbourg_color-01.png\",\"contentUrl\":\"https:\/\/strasbourg.eleusal.com\/wp-content\/uploads\/sites\/29\/2025\/06\/ELE_Strasbourg_color-01.png\",\"width\":1772,\"height\":2480,\"caption\":\"ELE USAL Strasbourg\"},\"image\":{\"@id\":\"https:\/\/strasbourg.eleusal.com\/fr\/#\/schema\/logo\/image\/\"},\"sameAs\":[\"https:\/\/www.facebook.com\/StrasbourgELEUSAL\/\",\"https:\/\/x.com\/StrasbourgEle\",\"https:\/\/www.instagram.com\/eleusal_strasbourg\/\",\"https:\/\/www.linkedin.com\/company\/strasbourg-ele-usal\/\"]}]}<\/script>\n<!-- \/ Yoast SEO plugin. -->","yoast_head_json":{"title":"Legal warning - ELE USAL Strasbourg","description":"Legal warning","robots":{"index":"noindex","follow":"follow"},"og_locale":"en_US","og_type":"article","og_title":"Legal warning - ELE USAL Strasbourg","og_description":"Legal warning","og_url":"https:\/\/strasbourg.eleusal.com\/en\/legal-warning\/","og_site_name":"ELE USAL Strasbourg","article_publisher":"https:\/\/www.facebook.com\/StrasbourgELEUSAL\/","article_modified_time":"2025-10-27T08:26:47+00:00","twitter_card":"summary_large_image","twitter_site":"@StrasbourgEle","twitter_misc":{"Est. reading time":"5 minutes"},"schema":{"@context":"https:\/\/schema.org","@graph":[{"@type":"WebPage","@id":"https:\/\/strasbourg.eleusal.com\/en\/legal-warning\/","url":"https:\/\/strasbourg.eleusal.com\/en\/legal-warning\/","name":"Legal warning - ELE USAL Strasbourg","isPartOf":{"@id":"https:\/\/strasbourg.eleusal.com\/fr\/#website"},"datePublished":"2020-03-26T11:35:17+00:00","dateModified":"2025-10-27T08:26:47+00:00","description":"Legal warning","breadcrumb":{"@id":"https:\/\/strasbourg.eleusal.com\/en\/legal-warning\/#breadcrumb"},"inLanguage":"en-US","potentialAction":[{"@type":"ReadAction","target":["https:\/\/strasbourg.eleusal.com\/en\/legal-warning\/"]}]},{"@type":"BreadcrumbList","@id":"https:\/\/strasbourg.eleusal.com\/en\/legal-warning\/#breadcrumb","itemListElement":[{"@type":"ListItem","position":1,"name":"Home","item":"https:\/\/strasbourg.eleusal.com\/en\/"},{"@type":"ListItem","position":2,"name":"Legal warning"}]},{"@type":"WebSite","@id":"https:\/\/strasbourg.eleusal.com\/fr\/#website","url":"https:\/\/strasbourg.eleusal.com\/fr\/","name":"ELE USAL Strasbourg","description":"Institut de Langue Espagnole, apprentissage espagnol, Strasbourg","publisher":{"@id":"https:\/\/strasbourg.eleusal.com\/fr\/#organization"},"potentialAction":[{"@type":"SearchAction","target":{"@type":"EntryPoint","urlTemplate":"https:\/\/strasbourg.eleusal.com\/fr\/?s={search_term_string}"},"query-input":{"@type":"PropertyValueSpecification","valueRequired":true,"valueName":"search_term_string"}}],"inLanguage":"en-US"},{"@type":"Organization","@id":"https:\/\/strasbourg.eleusal.com\/fr\/#organization","name":"ELE USAL Strasbourg","url":"https:\/\/strasbourg.eleusal.com\/fr\/","logo":{"@type":"ImageObject","inLanguage":"en-US","@id":"https:\/\/strasbourg.eleusal.com\/fr\/#\/schema\/logo\/image\/","url":"https:\/\/strasbourg.eleusal.com\/wp-content\/uploads\/sites\/29\/2025\/06\/ELE_Strasbourg_color-01.png","contentUrl":"https:\/\/strasbourg.eleusal.com\/wp-content\/uploads\/sites\/29\/2025\/06\/ELE_Strasbourg_color-01.png","width":1772,"height":2480,"caption":"ELE USAL Strasbourg"},"image":{"@id":"https:\/\/strasbourg.eleusal.com\/fr\/#\/schema\/logo\/image\/"},"sameAs":["https:\/\/www.facebook.com\/StrasbourgELEUSAL\/","https:\/\/x.com\/StrasbourgEle","https:\/\/www.instagram.com\/eleusal_strasbourg\/","https:\/\/www.linkedin.com\/company\/strasbourg-ele-usal\/"]}]}},"_links":{"self":[{"href":"https:\/\/strasbourg.eleusal.com\/en\/wp-json\/wp\/v2\/pages\/2161","targetHints":{"allow":["GET"]}}],"collection":[{"href":"https:\/\/strasbourg.eleusal.com\/en\/wp-json\/wp\/v2\/pages"}],"about":[{"href":"https:\/\/strasbourg.eleusal.com\/en\/wp-json\/wp\/v2\/types\/page"}],"author":[{"embeddable":true,"href":"https:\/\/strasbourg.eleusal.com\/en\/wp-json\/wp\/v2\/users\/19"}],"replies":[{"embeddable":true,"href":"https:\/\/strasbourg.eleusal.com\/en\/wp-json\/wp\/v2\/comments?post=2161"}],"version-history":[{"count":8,"href":"https:\/\/strasbourg.eleusal.com\/en\/wp-json\/wp\/v2\/pages\/2161\/revisions"}],"predecessor-version":[{"id":16070,"href":"https:\/\/strasbourg.eleusal.com\/en\/wp-json\/wp\/v2\/pages\/2161\/revisions\/16070"}],"wp:attachment":[{"href":"https:\/\/strasbourg.eleusal.com\/en\/wp-json\/wp\/v2\/media?parent=2161"}],"curies":[{"name":"wp","href":"https:\/\/api.w.org\/{rel}","templated":true}]}}