{"id":539,"date":"2019-06-03T19:31:38","date_gmt":"2019-06-03T17:31:38","guid":{"rendered":"http:\/\/mallorca.eleusal.com\/?page_id=539"},"modified":"2024-05-13T11:55:05","modified_gmt":"2024-05-13T09:55:05","slug":"blog-all-about-our-school","status":"publish","type":"page","link":"https:\/\/strasbourg.eleusal.com\/en\/blog-all-about-our-school\/","title":{"rendered":"Blog &#8211; All about our school"},"content":{"rendered":"<p>[vc_row css_animation=&#8221;&#8221; row_type=&#8221;row&#8221; use_row_as_full_screen_section=&#8221;no&#8221; type=&#8221;full_width&#8221; angled_section=&#8221;no&#8221; text_align=&#8221;left&#8221; background_image_as_pattern=&#8221;without_pattern&#8221;][vc_column]<div class='q_masonry_blog'><div class=\"q_masonry_blog_grid_sizer\"><\/div><div class=\"q_masonry_blog_grid_gutter\"><\/div><article  class='post-17473 post type-post status-publish format-standard has-post-thumbnail hentry category-grammar tag-para-en tag-por-en tag-por-and-para-in-spanish '><div class=\"q_masonry_blog_post_image\"><a itemprop=\"url\" href=\"https:\/\/strasbourg.eleusal.com\/en\/por-para-spanish-french-speakers\/\" target=\"_self\"><img decoding=\"async\" itemprop=\"image\" src=\"https:\/\/strasbourg.eleusal.com\/wp-content\/uploads\/sites\/29\/2026\/03\/Por-and-para-in-spanish.jpg\" \/><\/a><\/div><div class=\"q_masonry_blog_post_text\"><h5 itemprop=\"name\" class=\"q_masonry_blog_title entry_title\"><a itemprop=\"url\" href=\"https:\/\/strasbourg.eleusal.com\/en\/por-para-spanish-french-speakers\/\">Por and para in Spanish: a clear guide for French speakers<\/a><\/h5><p itemprop=\"description\" class=\"q_masonry_blog_excerpt\">If you speak French and are learning Spanish, it\u2019s very likely you\u2019ve already experienced this: you want to write a simple sentence, you hesitate between\u00a0por\u00a0and\u00a0para, and you end up choosing almost at random. That\u2019s quite normal. In French, a single word often covers concepts that......<\/p><div class=\"q_masonry_blog_post_info\"><\/div><\/div><\/article><article  class='post-17353 post type-post status-publish format-standard has-post-thumbnail hentry category-hispanic-culture category-history tag-protest-songs tag-spanish-transition '><div class=\"q_masonry_blog_post_image\"><a itemprop=\"url\" href=\"https:\/\/strasbourg.eleusal.com\/en\/conference-protest-songs-of-the-spanish-transition\/\" target=\"_self\"><img decoding=\"async\" itemprop=\"image\" src=\"https:\/\/strasbourg.eleusal.com\/wp-content\/uploads\/sites\/29\/2026\/02\/Conferencia-canciones-de-la-Transicio\u0301n-espan\u0303ola.jpg\" \/><\/a><\/div><div class=\"q_masonry_blog_post_text\"><h5 itemprop=\"name\" class=\"q_masonry_blog_title entry_title\"><a itemprop=\"url\" href=\"https:\/\/strasbourg.eleusal.com\/en\/conference-protest-songs-of-the-spanish-transition\/\">Conference: Protest songs of the Spanish Transition<\/a><\/h5><p itemprop=\"description\" class=\"q_masonry_blog_excerpt\">On Friday 6 March at 6.30pm, ELE USAL Strasbourg is hosting a conference to discover (or rediscover) the songs that marked the Spanish Transition. This is an ideal cultural activity if you are studying Spanish in Strasbourg, if you are interested in the contemporary history......<\/p><div class=\"q_masonry_blog_post_info\"><\/div><\/div><\/article><article  class='post-17303 post type-post status-publish format-standard has-post-thumbnail hentry category-hispanic-culture category-news category-sin-categoria tag-cinema-vox-en tag-cinestrasburgo tag-festival-cinestrasburgo-2026-en tag-spanish-and-latin-american-films '><div class=\"q_masonry_blog_post_image\"><a itemprop=\"url\" href=\"https:\/\/strasbourg.eleusal.com\/en\/cinestrasburgo-festival-2026-at-cinema-vox\/\" target=\"_self\"><img decoding=\"async\" itemprop=\"image\" src=\"https:\/\/strasbourg.eleusal.com\/wp-content\/uploads\/sites\/29\/2026\/02\/Festival-CinEstrasburgo-2026-en-el-Cine\u0301ma-Vox-.jpg\" \/><\/a><\/div><div class=\"q_masonry_blog_post_text\"><h5 itemprop=\"name\" class=\"q_masonry_blog_title entry_title\"><a itemprop=\"url\" href=\"https:\/\/strasbourg.eleusal.com\/en\/cinestrasburgo-festival-2026-at-cinema-vox\/\">CinEstrasburgo Festival 2026 at Cin\u00e9ma Vox<\/a><\/h5><p itemprop=\"description\" class=\"q_masonry_blog_excerpt\">From\u00a018 to 24 March 2026,\u00a0Cin\u00e9ma Vox\u00a0in Strasbourg hosts the\u00a0CinEstrasburgo Festival, a selection of Spanish and Latin American films screened in\u00a0original version with French subtitles (VOSTFR), in partnership with\u00a0Odyss\u00e9e \u2013 RCA and with the support of the Spanish education inspector. It\u2019s a great cultural activity to......<\/p><div class=\"q_masonry_blog_post_info\"><\/div><\/div><\/article><article  class='post-17246 post type-post status-publish format-standard has-post-thumbnail hentry category-dele-2 category-grammar tag-estar-en tag-grammar tag-ser-en tag-ser-and-estar '><div class=\"q_masonry_blog_post_image\"><a itemprop=\"url\" href=\"https:\/\/strasbourg.eleusal.com\/en\/ser-and-estar-in-spanish\/\" target=\"_self\"><img decoding=\"async\" itemprop=\"image\" src=\"https:\/\/strasbourg.eleusal.com\/wp-content\/uploads\/sites\/29\/2026\/02\/Ser-and-estar-in-Spanish.jpg\" \/><\/a><\/div><div class=\"q_masonry_blog_post_text\"><h5 itemprop=\"name\" class=\"q_masonry_blog_title entry_title\"><a itemprop=\"url\" href=\"https:\/\/strasbourg.eleusal.com\/en\/ser-and-estar-in-spanish\/\">Ser and estar in Spanish<\/a><\/h5><p itemprop=\"description\" class=\"q_masonry_blog_excerpt\">In Spanish,\u00a0ser\u00a0and\u00a0estar\u00a0are not just two ways to say\u00a0to be: each verb has a different job. Your choice changes what you are actually stating about a person, a place or a situation. Studies on French-speaking learners show that this distinction causes problems even at higher levels,......<\/p><div class=\"q_masonry_blog_post_info\"><\/div><\/div><\/article><article  class='post-17149 post type-post status-publish format-standard has-post-thumbnail hentry category-hispanic-culture category-history category-sin-categoria tag-bad-bunny-en tag-puero-rico tag-super-bowr '><div class=\"q_masonry_blog_post_image\"><a itemprop=\"url\" href=\"https:\/\/strasbourg.eleusal.com\/en\/bad-bunny-at-super-bowl-lx-symbols-and-references\/\" target=\"_self\"><img decoding=\"async\" itemprop=\"image\" src=\"https:\/\/strasbourg.eleusal.com\/wp-content\/uploads\/sites\/29\/2026\/02\/Bad-Bunny-en-el-Super-Bowl_Gui\u0301a.jpg\" \/><\/a><\/div><div class=\"q_masonry_blog_post_text\"><h5 itemprop=\"name\" class=\"q_masonry_blog_title entry_title\"><a itemprop=\"url\" href=\"https:\/\/strasbourg.eleusal.com\/en\/bad-bunny-at-super-bowl-lx-symbols-and-references\/\">Bad Bunny at Super Bowl LX: symbols and references<\/a><\/h5><p itemprop=\"description\" class=\"q_masonry_blog_excerpt\">It wasn&#8217;t \u201cjust\u201d a show: Bad Bunny&#8217;s\u00a0Super Bowl LX half-time was designed as a living postcard of Puerto Rico and, at the same time, as a journey through the Latino neighbourhoods of the United States, with everyday objects serving as symbols (street food, dominoes, chairs,......<\/p><div class=\"q_masonry_blog_post_info\"><\/div><\/div><\/article><article  class='post-16980 post type-post status-publish format-standard has-post-thumbnail hentry category-sin-categoria '><div class=\"q_masonry_blog_post_image\"><a itemprop=\"url\" href=\"https:\/\/strasbourg.eleusal.com\/en\/describing-an-image-in-spanish-hay-estan-and-tienen\/\" target=\"_self\"><img decoding=\"async\" itemprop=\"image\" src=\"https:\/\/strasbourg.eleusal.com\/wp-content\/uploads\/sites\/29\/2026\/02\/Describing-an-image-in-Spanish-.jpg\" \/><\/a><\/div><div class=\"q_masonry_blog_post_text\"><h5 itemprop=\"name\" class=\"q_masonry_blog_title entry_title\"><a itemprop=\"url\" href=\"https:\/\/strasbourg.eleusal.com\/en\/describing-an-image-in-spanish-hay-estan-and-tienen\/\">Describing an image in Spanish: hay, est\u00e1(n) and tiene(n)<\/a><\/h5><p itemprop=\"description\" class=\"q_masonry_blog_excerpt\">Describing an image in Spanish is about one thing: helping the other person \u201csee\u201d the scene. To do that, you need to separate three different ideas:\u00a0what exists\u00a0(hay),\u00a0where it is\u00a0(est\u00e1\/est\u00e1n), and\u00a0what someone\/something has\u00a0(tiene\/tienen). &nbsp; &nbsp; Three questions, three verbs &nbsp; When you describe, ask yourself these......<\/p><div class=\"q_masonry_blog_post_info\"><\/div><\/div><\/article><article  class='post-16908 post type-post status-publish format-standard has-post-thumbnail hentry category-hispanic-culture category-history category-sin-categoria tag-alvar-nunez-cabeza-de-vaca-en tag-iguazu-falls tag-panfilo-de-narvaez-en '><div class=\"q_masonry_blog_post_image\"><a itemprop=\"url\" href=\"https:\/\/strasbourg.eleusal.com\/en\/cabeza-de-vaca-the-spanish-explorer-who-defied-the-impossible\/\" target=\"_self\"><img decoding=\"async\" itemprop=\"image\" src=\"https:\/\/strasbourg.eleusal.com\/wp-content\/uploads\/sites\/29\/2026\/01\/A\u0301lvar-Nu\u0301n\u0303ez-Cabeza-de-Vaca-el-explorador-espan\u0303ol-que-desafio\u0301-lo-imposible-.jpg\" \/><\/a><\/div><div class=\"q_masonry_blog_post_text\"><h5 itemprop=\"name\" class=\"q_masonry_blog_title entry_title\"><a itemprop=\"url\" href=\"https:\/\/strasbourg.eleusal.com\/en\/cabeza-de-vaca-the-spanish-explorer-who-defied-the-impossible\/\">Cabeza de Vaca, the Spanish explorer who defied the impossible<\/a><\/h5><p itemprop=\"description\" class=\"q_masonry_blog_excerpt\">A tale of survival, transformation and discovery that forever changed America&#8217;s understanding. This is the story of \u00c1lvar N\u00fa\u00f1ez Cabeza de Vaca. &nbsp; A name that resonates throughout history &nbsp; When we study Spanish in Strasbourg, or anywhere else in the world, one of the......<\/p><div class=\"q_masonry_blog_post_info\"><\/div><\/div><\/article><article  class='post-16782 post type-post status-publish format-standard has-post-thumbnail hentry category-sin-categoria tag-prix-europeen-du-roman-damour '><div class=\"q_masonry_blog_post_image\"><a itemprop=\"url\" href=\"https:\/\/strasbourg.eleusal.com\/en\/the-prix-europeen-du-roman-damour-celebrating-european-romantic-literature\/\" target=\"_self\"><img decoding=\"async\" itemprop=\"image\" src=\"https:\/\/strasbourg.eleusal.com\/wp-content\/uploads\/sites\/29\/2026\/01\/Prix-europeen-du-roman-damour_Portada-2.jpg\" \/><\/a><\/div><div class=\"q_masonry_blog_post_text\"><h5 itemprop=\"name\" class=\"q_masonry_blog_title entry_title\"><a itemprop=\"url\" href=\"https:\/\/strasbourg.eleusal.com\/en\/the-prix-europeen-du-roman-damour-celebrating-european-romantic-literature\/\">The Prix europ\u00e9en du roman d&#8217;amour : celebrating European romantic literature<\/a><\/h5><p itemprop=\"description\" class=\"q_masonry_blog_excerpt\">\u00abJe ne te verrai pas mourir\u00bb has been selected by\u00a0ELE USAL Strasbourg as the Spanish candidate for the fourth edition of the Prix europ\u00e9en du roman d&#8217;amour \u00a0(2026-2027). Created in 2018 by the Book1 association and the Amicale du Personnel du Conseil de l&#8217;Europe, with......<\/p><div class=\"q_masonry_blog_post_info\"><\/div><\/div><\/article><article  class='post-16685 post type-post status-publish format-standard has-post-thumbnail hentry category-hispanic-culture category-history tag-three-wise-men '><div class=\"q_masonry_blog_post_image\"><a itemprop=\"url\" href=\"https:\/\/strasbourg.eleusal.com\/en\/the-three-wise-men-an-adventure-spanning-millennia\/\" target=\"_self\"><img decoding=\"async\" itemprop=\"image\" src=\"https:\/\/strasbourg.eleusal.com\/wp-content\/uploads\/sites\/29\/2026\/01\/Los-Reyes-Magos-una-aventura-que-cruza-milenios-1-1.jpg\" \/><\/a><\/div><div class=\"q_masonry_blog_post_text\"><h5 itemprop=\"name\" class=\"q_masonry_blog_title entry_title\"><a itemprop=\"url\" href=\"https:\/\/strasbourg.eleusal.com\/en\/the-three-wise-men-an-adventure-spanning-millennia\/\">The Three Wise Men: an adventure spanning millennia<\/a><\/h5><p itemprop=\"description\" class=\"q_masonry_blog_excerpt\">A story of travel, cultural magic and tradition that continues to shine on 6 January. &nbsp; &nbsp; Have you ever wondered where the special magic of 6 January comes from in the Spanish-speaking world? Why do so many children find gifts under their pillows or......<\/p><div class=\"q_masonry_blog_post_info\"><\/div><\/div><\/article><article  class='post-16578 post type-post status-publish format-standard has-post-thumbnail hentry category-sin-categoria '><div class=\"q_masonry_blog_post_image\"><a itemprop=\"url\" href=\"https:\/\/strasbourg.eleusal.com\/en\/the-magic-of-the-christmas-lottery\/\" target=\"_self\"><img decoding=\"async\" itemprop=\"image\" src=\"https:\/\/strasbourg.eleusal.com\/wp-content\/uploads\/sites\/29\/2025\/12\/The-magic-of-the-Christmas-Lottery.jpg\" \/><\/a><\/div><div class=\"q_masonry_blog_post_text\"><h5 itemprop=\"name\" class=\"q_masonry_blog_title entry_title\"><a itemprop=\"url\" href=\"https:\/\/strasbourg.eleusal.com\/en\/the-magic-of-the-christmas-lottery\/\">The magic of the Christmas lottery<\/a><\/h5><p itemprop=\"description\" class=\"q_masonry_blog_excerpt\">Have you ever wondered where the typically Spanish tradition of the Christmas lottery comes from? Or why the children of San Ildefonso sing the numbers with such a distinctive intonation? At ELE USAL Strasbourg, we believe that understanding these cultural traditions is essential to truly......<\/p><div class=\"q_masonry_blog_post_info\"><\/div><\/div><\/article><article  class='post-16458 post type-post status-publish format-standard has-post-thumbnail hentry category-sin-categoria '><div class=\"q_masonry_blog_post_image\"><a itemprop=\"url\" href=\"https:\/\/strasbourg.eleusal.com\/en\/alfonso-xiii-the-laundress-and-the-200000-prisoners\/\" target=\"_self\"><img decoding=\"async\" itemprop=\"image\" src=\"https:\/\/strasbourg.eleusal.com\/wp-content\/uploads\/sites\/29\/2025\/12\/The-king-the-laundress-and-the-200000-prisoners.jpg\" \/><\/a><\/div><div class=\"q_masonry_blog_post_text\"><h5 itemprop=\"name\" class=\"q_masonry_blog_title entry_title\"><a itemprop=\"url\" href=\"https:\/\/strasbourg.eleusal.com\/en\/alfonso-xiii-the-laundress-and-the-200000-prisoners\/\">The king, the laundress and the 200,000 prisoners<\/a><\/h5><p itemprop=\"description\" class=\"q_masonry_blog_excerpt\">The secret history of Alfonso XIII &nbsp; Did you know that a simple letter sent from France changed the fate of thousands of people during the First World War? Today, on our\u00a0school blog, we travel back to Madrid in 1914 to discover a story of......<\/p><div class=\"q_masonry_blog_post_info\"><\/div><\/div><\/article><article  class='post-16299 post type-post status-publish format-standard has-post-thumbnail hentry category-sin-categoria '><div class=\"q_masonry_blog_post_image\"><a itemprop=\"url\" href=\"https:\/\/strasbourg.eleusal.com\/en\/canciones-para-no-olvidar-joaquin-sabina-nos-sobran-los-motivos\/\" target=\"_self\"><img decoding=\"async\" itemprop=\"image\" src=\"https:\/\/strasbourg.eleusal.com\/wp-content\/uploads\/sites\/29\/2025\/11\/Conferencia-Joaquin-Sabina-Cours-espagnol-Strasbourg.png\" \/><\/a><\/div><div class=\"q_masonry_blog_post_text\"><h5 itemprop=\"name\" class=\"q_masonry_blog_title entry_title\"><a itemprop=\"url\" href=\"https:\/\/strasbourg.eleusal.com\/en\/canciones-para-no-olvidar-joaquin-sabina-nos-sobran-los-motivos\/\">Canciones para no olvidar: Joaqu\u00edn Sabina, nos sobran los motivos<\/a><\/h5><p itemprop=\"description\" class=\"q_masonry_blog_excerpt\">On Friday, 28 November 2025 at 6:00 pm, ELE USAL Strasbourg will host the closing event of its series on 50 years of democracy in Spain. Under the title \u201cCanciones para no olvidar: Joaqu\u00edn Sabina, nos sobran los motivos\u201d, this talk will explore the political......<\/p><div class=\"q_masonry_blog_post_info\"><\/div><\/div><\/article><\/div>[\/vc_column][\/vc_row]<\/p>\n","protected":false},"excerpt":{"rendered":"<p>[vc_row css_animation=&#8221;&#8221; row_type=&#8221;row&#8221; use_row_as_full_screen_section=&#8221;no&#8221; type=&#8221;full_width&#8221; angled_section=&#8221;no&#8221; text_align=&#8221;left&#8221; background_image_as_pattern=&#8221;without_pattern&#8221;][vc_column][\/vc_column][\/vc_row]<\/p>\n","protected":false},"author":1,"featured_media":0,"parent":0,"menu_order":0,"comment_status":"closed","ping_status":"closed","template":"","meta":{"footnotes":""},"class_list":["post-539","page","type-page","status-publish","hentry"],"yoast_head":"<!-- This site is optimized with the Yoast SEO plugin v24.2 - https:\/\/yoast.com\/wordpress\/plugins\/seo\/ -->\n<title>Blog - All about our school - ELE USAL Strasbourg<\/title>\n<meta name=\"description\" content=\"Enter the blog and stay informed about the latest news about language courses at ELE USAL STRASBOURG and more curiosities. Come in and read us!\" \/>\n<meta name=\"robots\" content=\"index, follow, max-snippet:-1, max-image-preview:large, max-video-preview:-1\" \/>\n<link rel=\"canonical\" href=\"https:\/\/strasbourg.eleusal.com\/en\/blog-all-about-our-school\/\" \/>\n<meta property=\"og:locale\" content=\"en_US\" \/>\n<meta property=\"og:type\" content=\"article\" \/>\n<meta property=\"og:title\" content=\"Blog - All about our school - ELE USAL Strasbourg\" \/>\n<meta property=\"og:description\" content=\"Enter the blog and stay informed about the latest news about language courses at ELE USAL STRASBOURG and more curiosities. Come in and read us!\" \/>\n<meta property=\"og:url\" content=\"https:\/\/strasbourg.eleusal.com\/en\/blog-all-about-our-school\/\" \/>\n<meta property=\"og:site_name\" content=\"ELE USAL Strasbourg\" \/>\n<meta property=\"article:publisher\" content=\"https:\/\/www.facebook.com\/StrasbourgELEUSAL\/\" \/>\n<meta property=\"article:modified_time\" content=\"2024-05-13T09:55:05+00:00\" \/>\n<meta name=\"twitter:card\" content=\"summary_large_image\" \/>\n<meta name=\"twitter:site\" content=\"@StrasbourgEle\" \/>\n<script type=\"application\/ld+json\" class=\"yoast-schema-graph\">{\"@context\":\"https:\/\/schema.org\",\"@graph\":[{\"@type\":\"WebPage\",\"@id\":\"https:\/\/strasbourg.eleusal.com\/en\/blog-all-about-our-school\/\",\"url\":\"https:\/\/strasbourg.eleusal.com\/en\/blog-all-about-our-school\/\",\"name\":\"Blog - All about our school - ELE USAL Strasbourg\",\"isPartOf\":{\"@id\":\"https:\/\/strasbourg.eleusal.com\/fr\/#website\"},\"datePublished\":\"2019-06-03T17:31:38+00:00\",\"dateModified\":\"2024-05-13T09:55:05+00:00\",\"description\":\"Enter the blog and stay informed about the latest news about language courses at ELE USAL STRASBOURG and more curiosities. Come in and read us!\",\"breadcrumb\":{\"@id\":\"https:\/\/strasbourg.eleusal.com\/en\/blog-all-about-our-school\/#breadcrumb\"},\"inLanguage\":\"en-US\",\"potentialAction\":[{\"@type\":\"ReadAction\",\"target\":[\"https:\/\/strasbourg.eleusal.com\/en\/blog-all-about-our-school\/\"]}]},{\"@type\":\"BreadcrumbList\",\"@id\":\"https:\/\/strasbourg.eleusal.com\/en\/blog-all-about-our-school\/#breadcrumb\",\"itemListElement\":[{\"@type\":\"ListItem\",\"position\":1,\"name\":\"Home\",\"item\":\"https:\/\/strasbourg.eleusal.com\/en\/\"},{\"@type\":\"ListItem\",\"position\":2,\"name\":\"Blog &#8211; All about our school\"}]},{\"@type\":\"WebSite\",\"@id\":\"https:\/\/strasbourg.eleusal.com\/fr\/#website\",\"url\":\"https:\/\/strasbourg.eleusal.com\/fr\/\",\"name\":\"ELE USAL Strasbourg\",\"description\":\"Institut de Langue Espagnole, apprentissage espagnol, Strasbourg\",\"publisher\":{\"@id\":\"https:\/\/strasbourg.eleusal.com\/fr\/#organization\"},\"potentialAction\":[{\"@type\":\"SearchAction\",\"target\":{\"@type\":\"EntryPoint\",\"urlTemplate\":\"https:\/\/strasbourg.eleusal.com\/fr\/?s={search_term_string}\"},\"query-input\":{\"@type\":\"PropertyValueSpecification\",\"valueRequired\":true,\"valueName\":\"search_term_string\"}}],\"inLanguage\":\"en-US\"},{\"@type\":\"Organization\",\"@id\":\"https:\/\/strasbourg.eleusal.com\/fr\/#organization\",\"name\":\"ELE USAL Strasbourg\",\"url\":\"https:\/\/strasbourg.eleusal.com\/fr\/\",\"logo\":{\"@type\":\"ImageObject\",\"inLanguage\":\"en-US\",\"@id\":\"https:\/\/strasbourg.eleusal.com\/fr\/#\/schema\/logo\/image\/\",\"url\":\"https:\/\/strasbourg.eleusal.com\/wp-content\/uploads\/sites\/29\/2025\/06\/ELE_Strasbourg_color-01.png\",\"contentUrl\":\"https:\/\/strasbourg.eleusal.com\/wp-content\/uploads\/sites\/29\/2025\/06\/ELE_Strasbourg_color-01.png\",\"width\":1772,\"height\":2480,\"caption\":\"ELE USAL Strasbourg\"},\"image\":{\"@id\":\"https:\/\/strasbourg.eleusal.com\/fr\/#\/schema\/logo\/image\/\"},\"sameAs\":[\"https:\/\/www.facebook.com\/StrasbourgELEUSAL\/\",\"https:\/\/x.com\/StrasbourgEle\",\"https:\/\/www.instagram.com\/eleusal_strasbourg\/\",\"https:\/\/www.linkedin.com\/company\/strasbourg-ele-usal\/\"]}]}<\/script>\n<!-- \/ Yoast SEO plugin. -->","yoast_head_json":{"title":"Blog - All about our school - ELE USAL Strasbourg","description":"Enter the blog and stay informed about the latest news about language courses at ELE USAL STRASBOURG and more curiosities. Come in and read us!","robots":{"index":"index","follow":"follow","max-snippet":"max-snippet:-1","max-image-preview":"max-image-preview:large","max-video-preview":"max-video-preview:-1"},"canonical":"https:\/\/strasbourg.eleusal.com\/en\/blog-all-about-our-school\/","og_locale":"en_US","og_type":"article","og_title":"Blog - All about our school - ELE USAL Strasbourg","og_description":"Enter the blog and stay informed about the latest news about language courses at ELE USAL STRASBOURG and more curiosities. Come in and read us!","og_url":"https:\/\/strasbourg.eleusal.com\/en\/blog-all-about-our-school\/","og_site_name":"ELE USAL Strasbourg","article_publisher":"https:\/\/www.facebook.com\/StrasbourgELEUSAL\/","article_modified_time":"2024-05-13T09:55:05+00:00","twitter_card":"summary_large_image","twitter_site":"@StrasbourgEle","schema":{"@context":"https:\/\/schema.org","@graph":[{"@type":"WebPage","@id":"https:\/\/strasbourg.eleusal.com\/en\/blog-all-about-our-school\/","url":"https:\/\/strasbourg.eleusal.com\/en\/blog-all-about-our-school\/","name":"Blog - All about our school - ELE USAL Strasbourg","isPartOf":{"@id":"https:\/\/strasbourg.eleusal.com\/fr\/#website"},"datePublished":"2019-06-03T17:31:38+00:00","dateModified":"2024-05-13T09:55:05+00:00","description":"Enter the blog and stay informed about the latest news about language courses at ELE USAL STRASBOURG and more curiosities. Come in and read us!","breadcrumb":{"@id":"https:\/\/strasbourg.eleusal.com\/en\/blog-all-about-our-school\/#breadcrumb"},"inLanguage":"en-US","potentialAction":[{"@type":"ReadAction","target":["https:\/\/strasbourg.eleusal.com\/en\/blog-all-about-our-school\/"]}]},{"@type":"BreadcrumbList","@id":"https:\/\/strasbourg.eleusal.com\/en\/blog-all-about-our-school\/#breadcrumb","itemListElement":[{"@type":"ListItem","position":1,"name":"Home","item":"https:\/\/strasbourg.eleusal.com\/en\/"},{"@type":"ListItem","position":2,"name":"Blog &#8211; All about our school"}]},{"@type":"WebSite","@id":"https:\/\/strasbourg.eleusal.com\/fr\/#website","url":"https:\/\/strasbourg.eleusal.com\/fr\/","name":"ELE USAL Strasbourg","description":"Institut de Langue Espagnole, apprentissage espagnol, Strasbourg","publisher":{"@id":"https:\/\/strasbourg.eleusal.com\/fr\/#organization"},"potentialAction":[{"@type":"SearchAction","target":{"@type":"EntryPoint","urlTemplate":"https:\/\/strasbourg.eleusal.com\/fr\/?s={search_term_string}"},"query-input":{"@type":"PropertyValueSpecification","valueRequired":true,"valueName":"search_term_string"}}],"inLanguage":"en-US"},{"@type":"Organization","@id":"https:\/\/strasbourg.eleusal.com\/fr\/#organization","name":"ELE USAL Strasbourg","url":"https:\/\/strasbourg.eleusal.com\/fr\/","logo":{"@type":"ImageObject","inLanguage":"en-US","@id":"https:\/\/strasbourg.eleusal.com\/fr\/#\/schema\/logo\/image\/","url":"https:\/\/strasbourg.eleusal.com\/wp-content\/uploads\/sites\/29\/2025\/06\/ELE_Strasbourg_color-01.png","contentUrl":"https:\/\/strasbourg.eleusal.com\/wp-content\/uploads\/sites\/29\/2025\/06\/ELE_Strasbourg_color-01.png","width":1772,"height":2480,"caption":"ELE USAL Strasbourg"},"image":{"@id":"https:\/\/strasbourg.eleusal.com\/fr\/#\/schema\/logo\/image\/"},"sameAs":["https:\/\/www.facebook.com\/StrasbourgELEUSAL\/","https:\/\/x.com\/StrasbourgEle","https:\/\/www.instagram.com\/eleusal_strasbourg\/","https:\/\/www.linkedin.com\/company\/strasbourg-ele-usal\/"]}]}},"_links":{"self":[{"href":"https:\/\/strasbourg.eleusal.com\/en\/wp-json\/wp\/v2\/pages\/539","targetHints":{"allow":["GET"]}}],"collection":[{"href":"https:\/\/strasbourg.eleusal.com\/en\/wp-json\/wp\/v2\/pages"}],"about":[{"href":"https:\/\/strasbourg.eleusal.com\/en\/wp-json\/wp\/v2\/types\/page"}],"author":[{"embeddable":true,"href":"https:\/\/strasbourg.eleusal.com\/en\/wp-json\/wp\/v2\/users\/1"}],"replies":[{"embeddable":true,"href":"https:\/\/strasbourg.eleusal.com\/en\/wp-json\/wp\/v2\/comments?post=539"}],"version-history":[{"count":9,"href":"https:\/\/strasbourg.eleusal.com\/en\/wp-json\/wp\/v2\/pages\/539\/revisions"}],"predecessor-version":[{"id":11187,"href":"https:\/\/strasbourg.eleusal.com\/en\/wp-json\/wp\/v2\/pages\/539\/revisions\/11187"}],"wp:attachment":[{"href":"https:\/\/strasbourg.eleusal.com\/en\/wp-json\/wp\/v2\/media?parent=539"}],"curies":[{"name":"wp","href":"https:\/\/api.w.org\/{rel}","templated":true}]}}