{"id":5370,"date":"2023-01-25T13:56:41","date_gmt":"2023-01-25T12:56:41","guid":{"rendered":"https:\/\/strasbourg.eleusal.com\/?page_id=5370"},"modified":"2024-12-13T19:24:22","modified_gmt":"2024-12-13T18:24:22","slug":"tarifs","status":"publish","type":"page","link":"https:\/\/strasbourg.eleusal.com\/fr\/tarifs\/","title":{"rendered":"TARIFS"},"content":{"rendered":"<p>[vc_row css_animation=\u00a0\u00bb\u00a0\u00bb row_type=\u00a0\u00bbrow\u00a0\u00bb use_row_as_full_screen_section=\u00a0\u00bbno\u00a0\u00bb type=\u00a0\u00bbfull_width\u00a0\u00bb angled_section=\u00a0\u00bbno\u00a0\u00bb text_align=\u00a0\u00bbleft\u00a0\u00bb background_image_as_pattern=\u00a0\u00bbwithout_pattern\u00a0\u00bb][vc_column][vc_column_text]<\/p>\n<h3 style=\"text-align: center\">Liste de prix actualis\u00e9e pour 2025<\/h3>\n<p>[\/vc_column_text][vc_empty_space][\/vc_column][\/vc_row][vc_row css_animation=\u00a0\u00bb\u00a0\u00bb row_type=\u00a0\u00bbrow\u00a0\u00bb use_row_as_full_screen_section=\u00a0\u00bbno\u00a0\u00bb type=\u00a0\u00bbfull_width\u00a0\u00bb angled_section=\u00a0\u00bbno\u00a0\u00bb text_align=\u00a0\u00bbleft\u00a0\u00bb background_image_as_pattern=\u00a0\u00bbwithout_pattern\u00a0\u00bb][vc_column][vc_column_text]<a href=\"https:\/\/strasbourg.eleusal.com\/wp-content\/uploads\/sites\/29\/2023\/11\/Captura-de-pantalla-2023-11-01-a-las-20.18.05.png\" target=\"_blank\" rel=\"noopener noreferrer\"><img loading=\"lazy\" decoding=\"async\" class=\"aligncenter wp-image-8239 size-full\" src=\"https:\/\/strasbourg.eleusal.com\/wp-content\/uploads\/sites\/29\/2023\/11\/Captura-de-pantalla-2023-11-01-a-las-20.18.05.png\" alt=\"Prix cours d'espagnol en groupe \u00e0 Strasbourg\" width=\"1946\" height=\"958\" srcset=\"https:\/\/strasbourg.eleusal.com\/wp-content\/uploads\/sites\/29\/2023\/11\/Captura-de-pantalla-2023-11-01-a-las-20.18.05.png 1946w, https:\/\/strasbourg.eleusal.com\/wp-content\/uploads\/sites\/29\/2023\/11\/Captura-de-pantalla-2023-11-01-a-las-20.18.05-300x148.png 300w, https:\/\/strasbourg.eleusal.com\/wp-content\/uploads\/sites\/29\/2023\/11\/Captura-de-pantalla-2023-11-01-a-las-20.18.05-1024x504.png 1024w, https:\/\/strasbourg.eleusal.com\/wp-content\/uploads\/sites\/29\/2023\/11\/Captura-de-pantalla-2023-11-01-a-las-20.18.05-768x378.png 768w, https:\/\/strasbourg.eleusal.com\/wp-content\/uploads\/sites\/29\/2023\/11\/Captura-de-pantalla-2023-11-01-a-las-20.18.05-1536x756.png 1536w, https:\/\/strasbourg.eleusal.com\/wp-content\/uploads\/sites\/29\/2023\/11\/Captura-de-pantalla-2023-11-01-a-las-20.18.05-700x345.png 700w, https:\/\/strasbourg.eleusal.com\/wp-content\/uploads\/sites\/29\/2023\/11\/Captura-de-pantalla-2023-11-01-a-las-20.18.05-600x295.png 600w\" sizes=\"auto, (max-width: 1946px) 100vw, 1946px\" \/><\/a><\/p>\n<p>&nbsp;<\/p>\n<p>&nbsp;<\/p>\n<p>&nbsp;<\/p>\n<p><a href=\"https:\/\/strasbourg.eleusal.com\/wp-content\/uploads\/sites\/29\/2023\/11\/Captura-de-pantalla-2023-11-01-a-las-20.20.15.png\" target=\"_blank\" rel=\"noopener noreferrer\"><img loading=\"lazy\" decoding=\"async\" class=\"aligncenter wp-image-8243 size-full\" src=\"https:\/\/strasbourg.eleusal.com\/wp-content\/uploads\/sites\/29\/2023\/11\/Captura-de-pantalla-2023-11-01-a-las-20.20.15.png\" alt=\"Prix cours d'espagnol enfants coll\u00e8ge lyc\u00e9e\" width=\"1936\" height=\"350\" srcset=\"https:\/\/strasbourg.eleusal.com\/wp-content\/uploads\/sites\/29\/2023\/11\/Captura-de-pantalla-2023-11-01-a-las-20.20.15.png 1936w, https:\/\/strasbourg.eleusal.com\/wp-content\/uploads\/sites\/29\/2023\/11\/Captura-de-pantalla-2023-11-01-a-las-20.20.15-300x54.png 300w, https:\/\/strasbourg.eleusal.com\/wp-content\/uploads\/sites\/29\/2023\/11\/Captura-de-pantalla-2023-11-01-a-las-20.20.15-1024x185.png 1024w, https:\/\/strasbourg.eleusal.com\/wp-content\/uploads\/sites\/29\/2023\/11\/Captura-de-pantalla-2023-11-01-a-las-20.20.15-768x139.png 768w, https:\/\/strasbourg.eleusal.com\/wp-content\/uploads\/sites\/29\/2023\/11\/Captura-de-pantalla-2023-11-01-a-las-20.20.15-1536x278.png 1536w, https:\/\/strasbourg.eleusal.com\/wp-content\/uploads\/sites\/29\/2023\/11\/Captura-de-pantalla-2023-11-01-a-las-20.20.15-700x127.png 700w, https:\/\/strasbourg.eleusal.com\/wp-content\/uploads\/sites\/29\/2023\/11\/Captura-de-pantalla-2023-11-01-a-las-20.20.15-600x108.png 600w\" sizes=\"auto, (max-width: 1936px) 100vw, 1936px\" \/><\/a><\/p>\n<p>&nbsp;<\/p>\n<p>&nbsp;<\/p>\n<p><a href=\"https:\/\/strasbourg.eleusal.com\/wp-content\/uploads\/sites\/29\/2023\/11\/Captura-de-pantalla-2023-11-01-a-las-20.21.48.png\" target=\"_blank\" rel=\"noopener noreferrer\"><img loading=\"lazy\" decoding=\"async\" class=\"aligncenter wp-image-8246 size-full\" src=\"https:\/\/strasbourg.eleusal.com\/wp-content\/uploads\/sites\/29\/2023\/11\/Captura-de-pantalla-2023-11-01-a-las-20.21.48.png\" alt=\"Prix cours particulier espagnol Strasbourg \" width=\"1940\" height=\"852\" srcset=\"https:\/\/strasbourg.eleusal.com\/wp-content\/uploads\/sites\/29\/2023\/11\/Captura-de-pantalla-2023-11-01-a-las-20.21.48.png 1940w, https:\/\/strasbourg.eleusal.com\/wp-content\/uploads\/sites\/29\/2023\/11\/Captura-de-pantalla-2023-11-01-a-las-20.21.48-300x132.png 300w, https:\/\/strasbourg.eleusal.com\/wp-content\/uploads\/sites\/29\/2023\/11\/Captura-de-pantalla-2023-11-01-a-las-20.21.48-1024x450.png 1024w, https:\/\/strasbourg.eleusal.com\/wp-content\/uploads\/sites\/29\/2023\/11\/Captura-de-pantalla-2023-11-01-a-las-20.21.48-768x337.png 768w, https:\/\/strasbourg.eleusal.com\/wp-content\/uploads\/sites\/29\/2023\/11\/Captura-de-pantalla-2023-11-01-a-las-20.21.48-1536x675.png 1536w, https:\/\/strasbourg.eleusal.com\/wp-content\/uploads\/sites\/29\/2023\/11\/Captura-de-pantalla-2023-11-01-a-las-20.21.48-700x307.png 700w, https:\/\/strasbourg.eleusal.com\/wp-content\/uploads\/sites\/29\/2023\/11\/Captura-de-pantalla-2023-11-01-a-las-20.21.48-600x264.png 600w\" sizes=\"auto, (max-width: 1940px) 100vw, 1940px\" \/><\/a><\/p>\n<p>&nbsp;<\/p>\n<p><a href=\"https:\/\/strasbourg.eleusal.com\/wp-content\/uploads\/sites\/29\/2024\/12\/Prix-des-examens-DELE-et-SIELE-2025.jpg\" target=\"_blank\" rel=\"noopener noreferrer\"><img loading=\"lazy\" decoding=\"async\" class=\"aligncenter wp-image-13793 size-large\" title=\"Prix des examens espagnol DELE et SIELE 2025\" src=\"https:\/\/strasbourg.eleusal.com\/wp-content\/uploads\/sites\/29\/2024\/12\/Prix-des-examens-DELE-et-SIELE-2025-1024x536.jpg\" alt=\"Prix des examens espagnol DELE et SIELE 2025\" width=\"1024\" height=\"536\" srcset=\"https:\/\/strasbourg.eleusal.com\/wp-content\/uploads\/sites\/29\/2024\/12\/Prix-des-examens-DELE-et-SIELE-2025-1024x536.jpg 1024w, https:\/\/strasbourg.eleusal.com\/wp-content\/uploads\/sites\/29\/2024\/12\/Prix-des-examens-DELE-et-SIELE-2025-300x157.jpg 300w, https:\/\/strasbourg.eleusal.com\/wp-content\/uploads\/sites\/29\/2024\/12\/Prix-des-examens-DELE-et-SIELE-2025-768x402.jpg 768w, https:\/\/strasbourg.eleusal.com\/wp-content\/uploads\/sites\/29\/2024\/12\/Prix-des-examens-DELE-et-SIELE-2025-700x366.jpg 700w, https:\/\/strasbourg.eleusal.com\/wp-content\/uploads\/sites\/29\/2024\/12\/Prix-des-examens-DELE-et-SIELE-2025-600x314.jpg 600w, https:\/\/strasbourg.eleusal.com\/wp-content\/uploads\/sites\/29\/2024\/12\/Prix-des-examens-DELE-et-SIELE-2025.jpg 1200w\" sizes=\"auto, (max-width: 1024px) 100vw, 1024px\" \/><\/a>[\/vc_column_text][vc_empty_space][vc_empty_space][\/vc_column][\/vc_row][vc_row css_animation=\u00a0\u00bb\u00a0\u00bb row_type=\u00a0\u00bbrow\u00a0\u00bb use_row_as_full_screen_section=\u00a0\u00bbno\u00a0\u00bb type=\u00a0\u00bbfull_width\u00a0\u00bb angled_section=\u00a0\u00bbno\u00a0\u00bb text_align=\u00a0\u00bbleft\u00a0\u00bb background_image_as_pattern=\u00a0\u00bbwithout_pattern\u00a0\u00bb][vc_column width=\u00a0\u00bb1\/3&Prime;][\/vc_column][vc_column width=\u00a0\u00bb1\/3&Prime;]\n\n\t<a href=\"https:\/\/strasbourg.eleusal.com\/fr\/termes-conditions\/\" target=\"_blank\" style=\"color: #ffffff;background-color: #d22020;font-family: Work Sans;font-size: 25px;font-weight: 600;margin: 30px 0px 60px 90px\" class=\"qode-btn qode-btn-medium qode-btn-solid qode-btn-custom-hover-bg qode-btn-custom-hover-color boton-rojo centrado qode-btn-default-hover\" data-hover-bg-color=\"#0a0a0a\" data-hover-color=\"#ffffff\" >\n\t    <span class=\"qode-btn-text\">Conditions G\u00e9n\u00e9rales de Vente<\/span>\t<\/a>\n\n[\/vc_column][vc_column width=\u00a0\u00bb1\/3&Prime;][\/vc_column][\/vc_row]<\/p>\n","protected":false},"excerpt":{"rendered":"<p>[vc_row css_animation=\u00a0\u00bb\u00a0\u00bb row_type=\u00a0\u00bbrow\u00a0\u00bb use_row_as_full_screen_section=\u00a0\u00bbno\u00a0\u00bb type=\u00a0\u00bbfull_width\u00a0\u00bb angled_section=\u00a0\u00bbno\u00a0\u00bb text_align=\u00a0\u00bbleft\u00a0\u00bb background_image_as_pattern=\u00a0\u00bbwithout_pattern\u00a0\u00bb][vc_column][vc_column_text] Liste de prix actualis\u00e9e pour 2025 [\/vc_column_text][vc_empty_space][\/vc_column][\/vc_row][vc_row css_animation=\u00a0\u00bb\u00a0\u00bb row_type=\u00a0\u00bbrow\u00a0\u00bb use_row_as_full_screen_section=\u00a0\u00bbno\u00a0\u00bb type=\u00a0\u00bbfull_width\u00a0\u00bb angled_section=\u00a0\u00bbno\u00a0\u00bb text_align=\u00a0\u00bbleft\u00a0\u00bb background_image_as_pattern=\u00a0\u00bbwithout_pattern\u00a0\u00bb][vc_column][vc_column_text] &nbsp; &nbsp; &nbsp; &nbsp; &nbsp; &nbsp; [\/vc_column_text][vc_empty_space][vc_empty_space][\/vc_column][\/vc_row][vc_row css_animation=\u00a0\u00bb\u00a0\u00bb row_type=\u00a0\u00bbrow\u00a0\u00bb use_row_as_full_screen_section=\u00a0\u00bbno\u00a0\u00bb type=\u00a0\u00bbfull_width\u00a0\u00bb angled_section=\u00a0\u00bbno\u00a0\u00bb text_align=\u00a0\u00bbleft\u00a0\u00bb background_image_as_pattern=\u00a0\u00bbwithout_pattern\u00a0\u00bb][vc_column width=\u00a0\u00bb1\/3&Prime;][\/vc_column][vc_column width=\u00a0\u00bb1\/3&Prime;][\/vc_column][vc_column width=\u00a0\u00bb1\/3&Prime;][\/vc_column][\/vc_row]<\/p>\n","protected":false},"author":3,"featured_media":0,"parent":0,"menu_order":0,"comment_status":"closed","ping_status":"closed","template":"","meta":{"footnotes":""},"class_list":["post-5370","page","type-page","status-publish","hentry"],"yoast_head":"<!-- This site is optimized with the Yoast SEO plugin v24.2 - https:\/\/yoast.com\/wordpress\/plugins\/seo\/ -->\n<title>TARIFS - ELE USAL Strasbourg<\/title>\n<meta name=\"description\" content=\"Tarifs en ELE USAL Strasbourg. Tous les cours g\u00e9n\u00e9raux, sp\u00e9cifiques, personnalis\u00e9s ou examens officiels en un coup d&#039;\u0153il.\" \/>\n<meta name=\"robots\" content=\"index, follow, max-snippet:-1, max-image-preview:large, max-video-preview:-1\" \/>\n<link rel=\"canonical\" href=\"https:\/\/strasbourg.eleusal.com\/fr\/tarifs\/\" \/>\n<meta property=\"og:locale\" content=\"fr_FR\" \/>\n<meta property=\"og:type\" content=\"article\" \/>\n<meta property=\"og:title\" content=\"TARIFS - ELE USAL Strasbourg\" \/>\n<meta property=\"og:description\" content=\"Tarifs en ELE USAL Strasbourg. Tous les cours g\u00e9n\u00e9raux, sp\u00e9cifiques, personnalis\u00e9s ou examens officiels en un coup d&#039;\u0153il.\" \/>\n<meta property=\"og:url\" content=\"https:\/\/strasbourg.eleusal.com\/fr\/tarifs\/\" \/>\n<meta property=\"og:site_name\" content=\"ELE USAL Strasbourg\" \/>\n<meta property=\"article:publisher\" content=\"https:\/\/www.facebook.com\/StrasbourgELEUSAL\/\" \/>\n<meta property=\"article:modified_time\" content=\"2024-12-13T18:24:22+00:00\" \/>\n<meta property=\"og:image\" content=\"https:\/\/strasbourg.eleusal.com\/wp-content\/uploads\/sites\/29\/2023\/11\/Captura-de-pantalla-2023-11-01-a-las-20.18.05.png\" \/>\n\t<meta property=\"og:image:width\" content=\"1946\" \/>\n\t<meta property=\"og:image:height\" content=\"958\" \/>\n\t<meta property=\"og:image:type\" content=\"image\/png\" \/>\n<meta name=\"twitter:card\" content=\"summary_large_image\" \/>\n<meta name=\"twitter:site\" content=\"@StrasbourgEle\" \/>\n<meta name=\"twitter:label1\" content=\"Dur\u00e9e de lecture estim\u00e9e\" \/>\n\t<meta name=\"twitter:data1\" content=\"1 minute\" \/>\n<script type=\"application\/ld+json\" class=\"yoast-schema-graph\">{\"@context\":\"https:\/\/schema.org\",\"@graph\":[{\"@type\":\"WebPage\",\"@id\":\"https:\/\/strasbourg.eleusal.com\/fr\/tarifs\/\",\"url\":\"https:\/\/strasbourg.eleusal.com\/fr\/tarifs\/\",\"name\":\"TARIFS - ELE USAL Strasbourg\",\"isPartOf\":{\"@id\":\"https:\/\/strasbourg.eleusal.com\/fr\/#website\"},\"primaryImageOfPage\":{\"@id\":\"https:\/\/strasbourg.eleusal.com\/fr\/tarifs\/#primaryimage\"},\"image\":{\"@id\":\"https:\/\/strasbourg.eleusal.com\/fr\/tarifs\/#primaryimage\"},\"thumbnailUrl\":\"https:\/\/strasbourg.eleusal.com\/wp-content\/uploads\/sites\/29\/2023\/11\/Captura-de-pantalla-2023-11-01-a-las-20.18.05.png\",\"datePublished\":\"2023-01-25T12:56:41+00:00\",\"dateModified\":\"2024-12-13T18:24:22+00:00\",\"description\":\"Tarifs en ELE USAL Strasbourg. Tous les cours g\u00e9n\u00e9raux, sp\u00e9cifiques, personnalis\u00e9s ou examens officiels en un coup d'\u0153il.\",\"breadcrumb\":{\"@id\":\"https:\/\/strasbourg.eleusal.com\/fr\/tarifs\/#breadcrumb\"},\"inLanguage\":\"fr-FR\",\"potentialAction\":[{\"@type\":\"ReadAction\",\"target\":[\"https:\/\/strasbourg.eleusal.com\/fr\/tarifs\/\"]}]},{\"@type\":\"ImageObject\",\"inLanguage\":\"fr-FR\",\"@id\":\"https:\/\/strasbourg.eleusal.com\/fr\/tarifs\/#primaryimage\",\"url\":\"https:\/\/strasbourg.eleusal.com\/wp-content\/uploads\/sites\/29\/2023\/11\/Captura-de-pantalla-2023-11-01-a-las-20.18.05.png\",\"contentUrl\":\"https:\/\/strasbourg.eleusal.com\/wp-content\/uploads\/sites\/29\/2023\/11\/Captura-de-pantalla-2023-11-01-a-las-20.18.05.png\"},{\"@type\":\"BreadcrumbList\",\"@id\":\"https:\/\/strasbourg.eleusal.com\/fr\/tarifs\/#breadcrumb\",\"itemListElement\":[{\"@type\":\"ListItem\",\"position\":1,\"name\":\"Home\",\"item\":\"https:\/\/strasbourg.eleusal.com\/fr\/\"},{\"@type\":\"ListItem\",\"position\":2,\"name\":\"TARIFS\"}]},{\"@type\":\"WebSite\",\"@id\":\"https:\/\/strasbourg.eleusal.com\/fr\/#website\",\"url\":\"https:\/\/strasbourg.eleusal.com\/fr\/\",\"name\":\"ELE USAL Strasbourg\",\"description\":\"Institut de Langue Espagnole, apprentissage espagnol, Strasbourg\",\"publisher\":{\"@id\":\"https:\/\/strasbourg.eleusal.com\/fr\/#organization\"},\"potentialAction\":[{\"@type\":\"SearchAction\",\"target\":{\"@type\":\"EntryPoint\",\"urlTemplate\":\"https:\/\/strasbourg.eleusal.com\/fr\/?s={search_term_string}\"},\"query-input\":{\"@type\":\"PropertyValueSpecification\",\"valueRequired\":true,\"valueName\":\"search_term_string\"}}],\"inLanguage\":\"fr-FR\"},{\"@type\":\"Organization\",\"@id\":\"https:\/\/strasbourg.eleusal.com\/fr\/#organization\",\"name\":\"ELE USAL Strasbourg\",\"url\":\"https:\/\/strasbourg.eleusal.com\/fr\/\",\"logo\":{\"@type\":\"ImageObject\",\"inLanguage\":\"fr-FR\",\"@id\":\"https:\/\/strasbourg.eleusal.com\/fr\/#\/schema\/logo\/image\/\",\"url\":\"https:\/\/strasbourg.eleusal.com\/wp-content\/uploads\/sites\/29\/2025\/06\/ELE_Strasbourg_color-01.png\",\"contentUrl\":\"https:\/\/strasbourg.eleusal.com\/wp-content\/uploads\/sites\/29\/2025\/06\/ELE_Strasbourg_color-01.png\",\"width\":1772,\"height\":2480,\"caption\":\"ELE USAL Strasbourg\"},\"image\":{\"@id\":\"https:\/\/strasbourg.eleusal.com\/fr\/#\/schema\/logo\/image\/\"},\"sameAs\":[\"https:\/\/www.facebook.com\/StrasbourgELEUSAL\/\",\"https:\/\/x.com\/StrasbourgEle\",\"https:\/\/www.instagram.com\/eleusal_strasbourg\/\",\"https:\/\/www.linkedin.com\/company\/strasbourg-ele-usal\/\"]}]}<\/script>\n<!-- \/ Yoast SEO plugin. -->","yoast_head_json":{"title":"TARIFS - ELE USAL Strasbourg","description":"Tarifs en ELE USAL Strasbourg. Tous les cours g\u00e9n\u00e9raux, sp\u00e9cifiques, personnalis\u00e9s ou examens officiels en un coup d'\u0153il.","robots":{"index":"index","follow":"follow","max-snippet":"max-snippet:-1","max-image-preview":"max-image-preview:large","max-video-preview":"max-video-preview:-1"},"canonical":"https:\/\/strasbourg.eleusal.com\/fr\/tarifs\/","og_locale":"fr_FR","og_type":"article","og_title":"TARIFS - ELE USAL Strasbourg","og_description":"Tarifs en ELE USAL Strasbourg. Tous les cours g\u00e9n\u00e9raux, sp\u00e9cifiques, personnalis\u00e9s ou examens officiels en un coup d'\u0153il.","og_url":"https:\/\/strasbourg.eleusal.com\/fr\/tarifs\/","og_site_name":"ELE USAL Strasbourg","article_publisher":"https:\/\/www.facebook.com\/StrasbourgELEUSAL\/","article_modified_time":"2024-12-13T18:24:22+00:00","og_image":[{"width":1946,"height":958,"url":"https:\/\/strasbourg.eleusal.com\/wp-content\/uploads\/sites\/29\/2023\/11\/Captura-de-pantalla-2023-11-01-a-las-20.18.05.png","type":"image\/png"}],"twitter_card":"summary_large_image","twitter_site":"@StrasbourgEle","twitter_misc":{"Dur\u00e9e de lecture estim\u00e9e":"1 minute"},"schema":{"@context":"https:\/\/schema.org","@graph":[{"@type":"WebPage","@id":"https:\/\/strasbourg.eleusal.com\/fr\/tarifs\/","url":"https:\/\/strasbourg.eleusal.com\/fr\/tarifs\/","name":"TARIFS - ELE USAL Strasbourg","isPartOf":{"@id":"https:\/\/strasbourg.eleusal.com\/fr\/#website"},"primaryImageOfPage":{"@id":"https:\/\/strasbourg.eleusal.com\/fr\/tarifs\/#primaryimage"},"image":{"@id":"https:\/\/strasbourg.eleusal.com\/fr\/tarifs\/#primaryimage"},"thumbnailUrl":"https:\/\/strasbourg.eleusal.com\/wp-content\/uploads\/sites\/29\/2023\/11\/Captura-de-pantalla-2023-11-01-a-las-20.18.05.png","datePublished":"2023-01-25T12:56:41+00:00","dateModified":"2024-12-13T18:24:22+00:00","description":"Tarifs en ELE USAL Strasbourg. Tous les cours g\u00e9n\u00e9raux, sp\u00e9cifiques, personnalis\u00e9s ou examens officiels en un coup d'\u0153il.","breadcrumb":{"@id":"https:\/\/strasbourg.eleusal.com\/fr\/tarifs\/#breadcrumb"},"inLanguage":"fr-FR","potentialAction":[{"@type":"ReadAction","target":["https:\/\/strasbourg.eleusal.com\/fr\/tarifs\/"]}]},{"@type":"ImageObject","inLanguage":"fr-FR","@id":"https:\/\/strasbourg.eleusal.com\/fr\/tarifs\/#primaryimage","url":"https:\/\/strasbourg.eleusal.com\/wp-content\/uploads\/sites\/29\/2023\/11\/Captura-de-pantalla-2023-11-01-a-las-20.18.05.png","contentUrl":"https:\/\/strasbourg.eleusal.com\/wp-content\/uploads\/sites\/29\/2023\/11\/Captura-de-pantalla-2023-11-01-a-las-20.18.05.png"},{"@type":"BreadcrumbList","@id":"https:\/\/strasbourg.eleusal.com\/fr\/tarifs\/#breadcrumb","itemListElement":[{"@type":"ListItem","position":1,"name":"Home","item":"https:\/\/strasbourg.eleusal.com\/fr\/"},{"@type":"ListItem","position":2,"name":"TARIFS"}]},{"@type":"WebSite","@id":"https:\/\/strasbourg.eleusal.com\/fr\/#website","url":"https:\/\/strasbourg.eleusal.com\/fr\/","name":"ELE USAL Strasbourg","description":"Institut de Langue Espagnole, apprentissage espagnol, Strasbourg","publisher":{"@id":"https:\/\/strasbourg.eleusal.com\/fr\/#organization"},"potentialAction":[{"@type":"SearchAction","target":{"@type":"EntryPoint","urlTemplate":"https:\/\/strasbourg.eleusal.com\/fr\/?s={search_term_string}"},"query-input":{"@type":"PropertyValueSpecification","valueRequired":true,"valueName":"search_term_string"}}],"inLanguage":"fr-FR"},{"@type":"Organization","@id":"https:\/\/strasbourg.eleusal.com\/fr\/#organization","name":"ELE USAL Strasbourg","url":"https:\/\/strasbourg.eleusal.com\/fr\/","logo":{"@type":"ImageObject","inLanguage":"fr-FR","@id":"https:\/\/strasbourg.eleusal.com\/fr\/#\/schema\/logo\/image\/","url":"https:\/\/strasbourg.eleusal.com\/wp-content\/uploads\/sites\/29\/2025\/06\/ELE_Strasbourg_color-01.png","contentUrl":"https:\/\/strasbourg.eleusal.com\/wp-content\/uploads\/sites\/29\/2025\/06\/ELE_Strasbourg_color-01.png","width":1772,"height":2480,"caption":"ELE USAL Strasbourg"},"image":{"@id":"https:\/\/strasbourg.eleusal.com\/fr\/#\/schema\/logo\/image\/"},"sameAs":["https:\/\/www.facebook.com\/StrasbourgELEUSAL\/","https:\/\/x.com\/StrasbourgEle","https:\/\/www.instagram.com\/eleusal_strasbourg\/","https:\/\/www.linkedin.com\/company\/strasbourg-ele-usal\/"]}]}},"_links":{"self":[{"href":"https:\/\/strasbourg.eleusal.com\/fr\/wp-json\/wp\/v2\/pages\/5370","targetHints":{"allow":["GET"]}}],"collection":[{"href":"https:\/\/strasbourg.eleusal.com\/fr\/wp-json\/wp\/v2\/pages"}],"about":[{"href":"https:\/\/strasbourg.eleusal.com\/fr\/wp-json\/wp\/v2\/types\/page"}],"author":[{"embeddable":true,"href":"https:\/\/strasbourg.eleusal.com\/fr\/wp-json\/wp\/v2\/users\/3"}],"replies":[{"embeddable":true,"href":"https:\/\/strasbourg.eleusal.com\/fr\/wp-json\/wp\/v2\/comments?post=5370"}],"version-history":[{"count":18,"href":"https:\/\/strasbourg.eleusal.com\/fr\/wp-json\/wp\/v2\/pages\/5370\/revisions"}],"predecessor-version":[{"id":8802,"href":"https:\/\/strasbourg.eleusal.com\/fr\/wp-json\/wp\/v2\/pages\/5370\/revisions\/8802"}],"wp:attachment":[{"href":"https:\/\/strasbourg.eleusal.com\/fr\/wp-json\/wp\/v2\/media?parent=5370"}],"curies":[{"name":"wp","href":"https:\/\/api.w.org\/{rel}","templated":true}]}}