{"id":5403,"date":"2023-01-26T09:26:40","date_gmt":"2023-01-26T08:26:40","guid":{"rendered":"https:\/\/strasbourg.eleusal.com\/?page_id=5403"},"modified":"2025-12-03T19:41:31","modified_gmt":"2025-12-03T18:41:31","slug":"appels-aux-examens-officiels","status":"publish","type":"page","link":"https:\/\/strasbourg.eleusal.com\/fr\/appels-aux-examens-officiels\/","title":{"rendered":"Examens officiels"},"content":{"rendered":"<p>[vc_row css_animation=\u00a0\u00bb\u00a0\u00bb row_type=\u00a0\u00bbrow\u00a0\u00bb use_row_as_full_screen_section=\u00a0\u00bbno\u00a0\u00bb type=\u00a0\u00bbfull_width\u00a0\u00bb angled_section=\u00a0\u00bbno\u00a0\u00bb text_align=\u00a0\u00bbleft\u00a0\u00bb background_image_as_pattern=\u00a0\u00bbwithout_pattern\u00a0\u00bb][vc_column][vc_column_text]<\/p>\n<h2 id=\"tw-target-text\" class=\"tw-data-text tw-text-large tw-ta\" style=\"text-align: center\" data-placeholder=\"Traducci\u00f3n\"><span style=\"color: #000000\"><span class=\"Y2IQFc\" lang=\"fr\">Examens officiels d&rsquo;espagnol \u00e0 Strasbourg 2026<\/span><\/span><\/h2>\n<p>[\/vc_column_text][vc_empty_space][vc_empty_space][\/vc_column][\/vc_row][vc_row css_animation=\u00a0\u00bb\u00a0\u00bb row_type=\u00a0\u00bbrow\u00a0\u00bb use_row_as_full_screen_section=\u00a0\u00bbno\u00a0\u00bb type=\u00a0\u00bbfull_width\u00a0\u00bb angled_section=\u00a0\u00bbno\u00a0\u00bb text_align=\u00a0\u00bbleft\u00a0\u00bb background_image_as_pattern=\u00a0\u00bbwithout_pattern\u00a0\u00bb][vc_column][vc_column_text]<\/p>\n<h2 style=\"text-align: center;font-size: 40px\">Pr\u00e9parez l\u2019examen DELE avec ELE USAL Strasbourg<\/h2>\n<p>&nbsp;<\/p>\n<p><a href=\"https:\/\/strasbourg.eleusal.com\/wp-content\/uploads\/sites\/29\/2025\/12\/FR_Dates-DELE-2026.jpg\" target=\"_blank\" rel=\"noopener\"><img loading=\"lazy\" decoding=\"async\" class=\"aligncenter wp-image-16330 size-full\" title=\"Dates examen DELE 2026\" src=\"https:\/\/strasbourg.eleusal.com\/wp-content\/uploads\/sites\/29\/2025\/12\/FR_Dates-DELE-2026.jpg\" alt=\"Dates exam espagnol DELE 2026\" width=\"1173\" height=\"464\" \/><\/a>[\/vc_column_text][vc_empty_space][\/vc_column][\/vc_row][vc_row css_animation=\u00a0\u00bb\u00a0\u00bb row_type=\u00a0\u00bbrow\u00a0\u00bb use_row_as_full_screen_section=\u00a0\u00bbno\u00a0\u00bb type=\u00a0\u00bbfull_width\u00a0\u00bb angled_section=\u00a0\u00bbno\u00a0\u00bb text_align=\u00a0\u00bbleft\u00a0\u00bb background_image_as_pattern=\u00a0\u00bbwithout_pattern\u00a0\u00bb][vc_column width=\u00a0\u00bb1\/3&Prime;][\/vc_column][vc_column width=\u00a0\u00bb1\/3&Prime;]\n\n\t<a href=\"https:\/\/strasbourg.eleusal.com\/fr\/diplome-espagnol-dele\/\" target=\"_blank\" style=\"color: #ffffff;background-color: #d22020;font-family: Work Sans;font-size: 25px;font-weight: 600;margin: 30px 0px 60px 90px\" class=\"qode-btn qode-btn-medium qode-btn-solid qode-btn-custom-hover-bg qode-btn-custom-hover-color boton-rojo centrado qode-btn-default-hover\" data-hover-bg-color=\"#0a0a0a\" data-hover-color=\"#ffffff\" >\n\t    <span class=\"qode-btn-text\">DIPL\u00d4MES DELE<\/span>\t<\/a>\n\n[\/vc_column][vc_column width=\u00a0\u00bb1\/3&Prime;][\/vc_column][\/vc_row][vc_row css_animation=\u00a0\u00bb\u00a0\u00bb row_type=\u00a0\u00bbrow\u00a0\u00bb use_row_as_full_screen_section=\u00a0\u00bbno\u00a0\u00bb type=\u00a0\u00bbfull_width\u00a0\u00bb angled_section=\u00a0\u00bbno\u00a0\u00bb text_align=\u00a0\u00bbleft\u00a0\u00bb background_image_as_pattern=\u00a0\u00bbwithout_pattern\u00a0\u00bb][vc_column][vc_empty_space][vc_empty_space][vc_empty_space][vc_column_text]<\/p>\n<h2 style=\"text-align: center;font-size: 40px\"><strong>R\u00e9ussissez l\u2019examen SIELE avec ELE USAL Strasbourg<\/strong><\/h2>\n<p>&nbsp;<\/p>\n<p style=\"text-align: center\"><a href=\"https:\/\/strasbourg.eleusal.com\/wp-content\/uploads\/sites\/29\/2023\/02\/Captura-de-pantalla-2023-02-18-a-las-19.05.11.png\" target=\"_blank\" rel=\"noopener noreferrer\"><img loading=\"lazy\" decoding=\"async\" class=\"aligncenter wp-image-6197 size-full\" src=\"https:\/\/strasbourg.eleusal.com\/wp-content\/uploads\/sites\/29\/2023\/02\/Captura-de-pantalla-2023-02-18-a-las-19.05.11.png\" alt=\"\" width=\"2210\" height=\"680\" srcset=\"https:\/\/strasbourg.eleusal.com\/wp-content\/uploads\/sites\/29\/2023\/02\/Captura-de-pantalla-2023-02-18-a-las-19.05.11.png 2210w, https:\/\/strasbourg.eleusal.com\/wp-content\/uploads\/sites\/29\/2023\/02\/Captura-de-pantalla-2023-02-18-a-las-19.05.11-300x92.png 300w, https:\/\/strasbourg.eleusal.com\/wp-content\/uploads\/sites\/29\/2023\/02\/Captura-de-pantalla-2023-02-18-a-las-19.05.11-1024x315.png 1024w, https:\/\/strasbourg.eleusal.com\/wp-content\/uploads\/sites\/29\/2023\/02\/Captura-de-pantalla-2023-02-18-a-las-19.05.11-768x236.png 768w, https:\/\/strasbourg.eleusal.com\/wp-content\/uploads\/sites\/29\/2023\/02\/Captura-de-pantalla-2023-02-18-a-las-19.05.11-1536x473.png 1536w, https:\/\/strasbourg.eleusal.com\/wp-content\/uploads\/sites\/29\/2023\/02\/Captura-de-pantalla-2023-02-18-a-las-19.05.11-2048x630.png 2048w, https:\/\/strasbourg.eleusal.com\/wp-content\/uploads\/sites\/29\/2023\/02\/Captura-de-pantalla-2023-02-18-a-las-19.05.11-700x215.png 700w, https:\/\/strasbourg.eleusal.com\/wp-content\/uploads\/sites\/29\/2023\/02\/Captura-de-pantalla-2023-02-18-a-las-19.05.11-600x185.png 600w\" sizes=\"auto, (max-width: 2210px) 100vw, 2210px\" \/><\/a><\/p>\n<p>[\/vc_column_text][vc_empty_space][vc_column_text]<\/p>\n<p style=\"text-align: center\"><strong><span style=\"color: #99042f\">Les sessions peuvent \u00eatre programm\u00e9es \u00e0 tout moment, il suffit de <a href=\"https:\/\/strasbourg.eleusal.com\/fr\/contact\/\"><span style=\"text-decoration: underline\">nous contacter<\/span><\/a> et nous nous en occuperons.<\/span><\/strong><\/p>\n<p>[\/vc_column_text][vc_empty_space][\/vc_column][\/vc_row][vc_row css_animation=\u00a0\u00bb\u00a0\u00bb row_type=\u00a0\u00bbrow\u00a0\u00bb use_row_as_full_screen_section=\u00a0\u00bbno\u00a0\u00bb type=\u00a0\u00bbfull_width\u00a0\u00bb angled_section=\u00a0\u00bbno\u00a0\u00bb text_align=\u00a0\u00bbleft\u00a0\u00bb background_image_as_pattern=\u00a0\u00bbwithout_pattern\u00a0\u00bb][vc_column width=\u00a0\u00bb1\/3&Prime;][\/vc_column][vc_column width=\u00a0\u00bb1\/3&Prime;]\n\n\t<a href=\"https:\/\/strasbourg.eleusal.com\/fr\/certification-siele\/\" target=\"_blank\" style=\"color: #ffffff;background-color: #d22020;font-family: Work Sans;font-size: 25px;font-weight: 600;margin: 30px 0px 60px 90px\" class=\"qode-btn qode-btn-medium qode-btn-solid qode-btn-custom-hover-bg qode-btn-custom-hover-color boton-rojo centrado qode-btn-default-hover\" data-hover-bg-color=\"#0a0a0a\" data-hover-color=\"#ffffff\" >\n\t    <span class=\"qode-btn-text\">CERTIFICACTION SIELE<\/span>\t<\/a>\n\n[vc_empty_space][\/vc_column][vc_column width=\u00a0\u00bb1\/3&Prime;][\/vc_column][\/vc_row]<\/p>\n","protected":false},"excerpt":{"rendered":"<p>[vc_row css_animation=\u00a0\u00bb\u00a0\u00bb row_type=\u00a0\u00bbrow\u00a0\u00bb use_row_as_full_screen_section=\u00a0\u00bbno\u00a0\u00bb type=\u00a0\u00bbfull_width\u00a0\u00bb angled_section=\u00a0\u00bbno\u00a0\u00bb text_align=\u00a0\u00bbleft\u00a0\u00bb background_image_as_pattern=\u00a0\u00bbwithout_pattern\u00a0\u00bb][vc_column][vc_column_text] Examens officiels d&rsquo;espagnol \u00e0 Strasbourg 2026 [\/vc_column_text][vc_empty_space][vc_empty_space][\/vc_column][\/vc_row][vc_row css_animation=\u00a0\u00bb\u00a0\u00bb row_type=\u00a0\u00bbrow\u00a0\u00bb use_row_as_full_screen_section=\u00a0\u00bbno\u00a0\u00bb type=\u00a0\u00bbfull_width\u00a0\u00bb angled_section=\u00a0\u00bbno\u00a0\u00bb text_align=\u00a0\u00bbleft\u00a0\u00bb background_image_as_pattern=\u00a0\u00bbwithout_pattern\u00a0\u00bb][vc_column][vc_column_text] Pr\u00e9parez l\u2019examen DELE avec ELE USAL Strasbourg &nbsp; [\/vc_column_text][vc_empty_space][\/vc_column][\/vc_row][vc_row css_animation=\u00a0\u00bb\u00a0\u00bb row_type=\u00a0\u00bbrow\u00a0\u00bb use_row_as_full_screen_section=\u00a0\u00bbno\u00a0\u00bb type=\u00a0\u00bbfull_width\u00a0\u00bb angled_section=\u00a0\u00bbno\u00a0\u00bb text_align=\u00a0\u00bbleft\u00a0\u00bb background_image_as_pattern=\u00a0\u00bbwithout_pattern\u00a0\u00bb][vc_column width=\u00a0\u00bb1\/3&Prime;][\/vc_column][vc_column width=\u00a0\u00bb1\/3&Prime;][\/vc_column][vc_column width=\u00a0\u00bb1\/3&Prime;][\/vc_column][\/vc_row][vc_row css_animation=\u00a0\u00bb\u00a0\u00bb row_type=\u00a0\u00bbrow\u00a0\u00bb use_row_as_full_screen_section=\u00a0\u00bbno\u00a0\u00bb type=\u00a0\u00bbfull_width\u00a0\u00bb&#8230;<\/p>\n","protected":false},"author":3,"featured_media":0,"parent":0,"menu_order":0,"comment_status":"closed","ping_status":"closed","template":"","meta":{"footnotes":""},"class_list":["post-5403","page","type-page","status-publish","hentry"],"yoast_head":"<!-- This site is optimized with the Yoast SEO plugin v24.2 - https:\/\/yoast.com\/wordpress\/plugins\/seo\/ -->\n<title>Examens officiels - ELE USAL Strasbourg<\/title>\n<meta name=\"description\" content=\"Convocations aux examens officiels 2023 pour passer le DELE et le CCSE, tant la date des examens que les d\u00e9lais d&#039;inscription.\" \/>\n<meta name=\"robots\" content=\"index, follow, max-snippet:-1, max-image-preview:large, max-video-preview:-1\" \/>\n<link rel=\"canonical\" href=\"https:\/\/strasbourg.eleusal.com\/fr\/appels-aux-examens-officiels\/\" \/>\n<meta property=\"og:locale\" content=\"fr_FR\" \/>\n<meta property=\"og:type\" content=\"article\" \/>\n<meta property=\"og:title\" content=\"Examens officiels - ELE USAL Strasbourg\" \/>\n<meta property=\"og:description\" content=\"Convocations aux examens officiels 2023 pour passer le DELE et le CCSE, tant la date des examens que les d\u00e9lais d&#039;inscription.\" \/>\n<meta property=\"og:url\" content=\"https:\/\/strasbourg.eleusal.com\/fr\/appels-aux-examens-officiels\/\" \/>\n<meta property=\"og:site_name\" content=\"ELE USAL Strasbourg\" \/>\n<meta property=\"article:publisher\" content=\"https:\/\/www.facebook.com\/StrasbourgELEUSAL\/\" \/>\n<meta property=\"article:modified_time\" content=\"2025-12-03T18:41:31+00:00\" \/>\n<meta property=\"og:image\" content=\"https:\/\/strasbourg.eleusal.com\/wp-content\/uploads\/sites\/29\/2025\/12\/FR_Dates-DELE-2026.jpg\" \/>\n\t<meta property=\"og:image:width\" content=\"1173\" \/>\n\t<meta property=\"og:image:height\" content=\"464\" \/>\n\t<meta property=\"og:image:type\" content=\"image\/jpeg\" \/>\n<meta name=\"twitter:card\" content=\"summary_large_image\" \/>\n<meta name=\"twitter:site\" content=\"@StrasbourgEle\" \/>\n<meta name=\"twitter:label1\" content=\"Dur\u00e9e de lecture estim\u00e9e\" \/>\n\t<meta name=\"twitter:data1\" content=\"1 minute\" \/>\n<script type=\"application\/ld+json\" class=\"yoast-schema-graph\">{\"@context\":\"https:\/\/schema.org\",\"@graph\":[{\"@type\":\"WebPage\",\"@id\":\"https:\/\/strasbourg.eleusal.com\/fr\/appels-aux-examens-officiels\/\",\"url\":\"https:\/\/strasbourg.eleusal.com\/fr\/appels-aux-examens-officiels\/\",\"name\":\"Examens officiels - ELE USAL Strasbourg\",\"isPartOf\":{\"@id\":\"https:\/\/strasbourg.eleusal.com\/fr\/#website\"},\"primaryImageOfPage\":{\"@id\":\"https:\/\/strasbourg.eleusal.com\/fr\/appels-aux-examens-officiels\/#primaryimage\"},\"image\":{\"@id\":\"https:\/\/strasbourg.eleusal.com\/fr\/appels-aux-examens-officiels\/#primaryimage\"},\"thumbnailUrl\":\"https:\/\/strasbourg.eleusal.com\/wp-content\/uploads\/sites\/29\/2025\/12\/FR_Dates-DELE-2026.jpg\",\"datePublished\":\"2023-01-26T08:26:40+00:00\",\"dateModified\":\"2025-12-03T18:41:31+00:00\",\"description\":\"Convocations aux examens officiels 2023 pour passer le DELE et le CCSE, tant la date des examens que les d\u00e9lais d'inscription.\",\"breadcrumb\":{\"@id\":\"https:\/\/strasbourg.eleusal.com\/fr\/appels-aux-examens-officiels\/#breadcrumb\"},\"inLanguage\":\"fr-FR\",\"potentialAction\":[{\"@type\":\"ReadAction\",\"target\":[\"https:\/\/strasbourg.eleusal.com\/fr\/appels-aux-examens-officiels\/\"]}]},{\"@type\":\"ImageObject\",\"inLanguage\":\"fr-FR\",\"@id\":\"https:\/\/strasbourg.eleusal.com\/fr\/appels-aux-examens-officiels\/#primaryimage\",\"url\":\"https:\/\/strasbourg.eleusal.com\/wp-content\/uploads\/sites\/29\/2025\/12\/FR_Dates-DELE-2026.jpg\",\"contentUrl\":\"https:\/\/strasbourg.eleusal.com\/wp-content\/uploads\/sites\/29\/2025\/12\/FR_Dates-DELE-2026.jpg\"},{\"@type\":\"BreadcrumbList\",\"@id\":\"https:\/\/strasbourg.eleusal.com\/fr\/appels-aux-examens-officiels\/#breadcrumb\",\"itemListElement\":[{\"@type\":\"ListItem\",\"position\":1,\"name\":\"Home\",\"item\":\"https:\/\/strasbourg.eleusal.com\/fr\/\"},{\"@type\":\"ListItem\",\"position\":2,\"name\":\"Examens officiels\"}]},{\"@type\":\"WebSite\",\"@id\":\"https:\/\/strasbourg.eleusal.com\/fr\/#website\",\"url\":\"https:\/\/strasbourg.eleusal.com\/fr\/\",\"name\":\"ELE USAL Strasbourg\",\"description\":\"Institut de Langue Espagnole, apprentissage espagnol, Strasbourg\",\"publisher\":{\"@id\":\"https:\/\/strasbourg.eleusal.com\/fr\/#organization\"},\"potentialAction\":[{\"@type\":\"SearchAction\",\"target\":{\"@type\":\"EntryPoint\",\"urlTemplate\":\"https:\/\/strasbourg.eleusal.com\/fr\/?s={search_term_string}\"},\"query-input\":{\"@type\":\"PropertyValueSpecification\",\"valueRequired\":true,\"valueName\":\"search_term_string\"}}],\"inLanguage\":\"fr-FR\"},{\"@type\":\"Organization\",\"@id\":\"https:\/\/strasbourg.eleusal.com\/fr\/#organization\",\"name\":\"ELE USAL Strasbourg\",\"url\":\"https:\/\/strasbourg.eleusal.com\/fr\/\",\"logo\":{\"@type\":\"ImageObject\",\"inLanguage\":\"fr-FR\",\"@id\":\"https:\/\/strasbourg.eleusal.com\/fr\/#\/schema\/logo\/image\/\",\"url\":\"https:\/\/strasbourg.eleusal.com\/wp-content\/uploads\/sites\/29\/2025\/06\/ELE_Strasbourg_color-01.png\",\"contentUrl\":\"https:\/\/strasbourg.eleusal.com\/wp-content\/uploads\/sites\/29\/2025\/06\/ELE_Strasbourg_color-01.png\",\"width\":1772,\"height\":2480,\"caption\":\"ELE USAL Strasbourg\"},\"image\":{\"@id\":\"https:\/\/strasbourg.eleusal.com\/fr\/#\/schema\/logo\/image\/\"},\"sameAs\":[\"https:\/\/www.facebook.com\/StrasbourgELEUSAL\/\",\"https:\/\/x.com\/StrasbourgEle\",\"https:\/\/www.instagram.com\/eleusal_strasbourg\/\",\"https:\/\/www.linkedin.com\/company\/strasbourg-ele-usal\/\"]}]}<\/script>\n<!-- \/ Yoast SEO plugin. -->","yoast_head_json":{"title":"Examens officiels - ELE USAL Strasbourg","description":"Convocations aux examens officiels 2023 pour passer le DELE et le CCSE, tant la date des examens que les d\u00e9lais d'inscription.","robots":{"index":"index","follow":"follow","max-snippet":"max-snippet:-1","max-image-preview":"max-image-preview:large","max-video-preview":"max-video-preview:-1"},"canonical":"https:\/\/strasbourg.eleusal.com\/fr\/appels-aux-examens-officiels\/","og_locale":"fr_FR","og_type":"article","og_title":"Examens officiels - ELE USAL Strasbourg","og_description":"Convocations aux examens officiels 2023 pour passer le DELE et le CCSE, tant la date des examens que les d\u00e9lais d'inscription.","og_url":"https:\/\/strasbourg.eleusal.com\/fr\/appels-aux-examens-officiels\/","og_site_name":"ELE USAL Strasbourg","article_publisher":"https:\/\/www.facebook.com\/StrasbourgELEUSAL\/","article_modified_time":"2025-12-03T18:41:31+00:00","og_image":[{"width":1173,"height":464,"url":"https:\/\/strasbourg.eleusal.com\/wp-content\/uploads\/sites\/29\/2025\/12\/FR_Dates-DELE-2026.jpg","type":"image\/jpeg"}],"twitter_card":"summary_large_image","twitter_site":"@StrasbourgEle","twitter_misc":{"Dur\u00e9e de lecture estim\u00e9e":"1 minute"},"schema":{"@context":"https:\/\/schema.org","@graph":[{"@type":"WebPage","@id":"https:\/\/strasbourg.eleusal.com\/fr\/appels-aux-examens-officiels\/","url":"https:\/\/strasbourg.eleusal.com\/fr\/appels-aux-examens-officiels\/","name":"Examens officiels - ELE USAL Strasbourg","isPartOf":{"@id":"https:\/\/strasbourg.eleusal.com\/fr\/#website"},"primaryImageOfPage":{"@id":"https:\/\/strasbourg.eleusal.com\/fr\/appels-aux-examens-officiels\/#primaryimage"},"image":{"@id":"https:\/\/strasbourg.eleusal.com\/fr\/appels-aux-examens-officiels\/#primaryimage"},"thumbnailUrl":"https:\/\/strasbourg.eleusal.com\/wp-content\/uploads\/sites\/29\/2025\/12\/FR_Dates-DELE-2026.jpg","datePublished":"2023-01-26T08:26:40+00:00","dateModified":"2025-12-03T18:41:31+00:00","description":"Convocations aux examens officiels 2023 pour passer le DELE et le CCSE, tant la date des examens que les d\u00e9lais d'inscription.","breadcrumb":{"@id":"https:\/\/strasbourg.eleusal.com\/fr\/appels-aux-examens-officiels\/#breadcrumb"},"inLanguage":"fr-FR","potentialAction":[{"@type":"ReadAction","target":["https:\/\/strasbourg.eleusal.com\/fr\/appels-aux-examens-officiels\/"]}]},{"@type":"ImageObject","inLanguage":"fr-FR","@id":"https:\/\/strasbourg.eleusal.com\/fr\/appels-aux-examens-officiels\/#primaryimage","url":"https:\/\/strasbourg.eleusal.com\/wp-content\/uploads\/sites\/29\/2025\/12\/FR_Dates-DELE-2026.jpg","contentUrl":"https:\/\/strasbourg.eleusal.com\/wp-content\/uploads\/sites\/29\/2025\/12\/FR_Dates-DELE-2026.jpg"},{"@type":"BreadcrumbList","@id":"https:\/\/strasbourg.eleusal.com\/fr\/appels-aux-examens-officiels\/#breadcrumb","itemListElement":[{"@type":"ListItem","position":1,"name":"Home","item":"https:\/\/strasbourg.eleusal.com\/fr\/"},{"@type":"ListItem","position":2,"name":"Examens officiels"}]},{"@type":"WebSite","@id":"https:\/\/strasbourg.eleusal.com\/fr\/#website","url":"https:\/\/strasbourg.eleusal.com\/fr\/","name":"ELE USAL Strasbourg","description":"Institut de Langue Espagnole, apprentissage espagnol, Strasbourg","publisher":{"@id":"https:\/\/strasbourg.eleusal.com\/fr\/#organization"},"potentialAction":[{"@type":"SearchAction","target":{"@type":"EntryPoint","urlTemplate":"https:\/\/strasbourg.eleusal.com\/fr\/?s={search_term_string}"},"query-input":{"@type":"PropertyValueSpecification","valueRequired":true,"valueName":"search_term_string"}}],"inLanguage":"fr-FR"},{"@type":"Organization","@id":"https:\/\/strasbourg.eleusal.com\/fr\/#organization","name":"ELE USAL Strasbourg","url":"https:\/\/strasbourg.eleusal.com\/fr\/","logo":{"@type":"ImageObject","inLanguage":"fr-FR","@id":"https:\/\/strasbourg.eleusal.com\/fr\/#\/schema\/logo\/image\/","url":"https:\/\/strasbourg.eleusal.com\/wp-content\/uploads\/sites\/29\/2025\/06\/ELE_Strasbourg_color-01.png","contentUrl":"https:\/\/strasbourg.eleusal.com\/wp-content\/uploads\/sites\/29\/2025\/06\/ELE_Strasbourg_color-01.png","width":1772,"height":2480,"caption":"ELE USAL Strasbourg"},"image":{"@id":"https:\/\/strasbourg.eleusal.com\/fr\/#\/schema\/logo\/image\/"},"sameAs":["https:\/\/www.facebook.com\/StrasbourgELEUSAL\/","https:\/\/x.com\/StrasbourgEle","https:\/\/www.instagram.com\/eleusal_strasbourg\/","https:\/\/www.linkedin.com\/company\/strasbourg-ele-usal\/"]}]}},"_links":{"self":[{"href":"https:\/\/strasbourg.eleusal.com\/fr\/wp-json\/wp\/v2\/pages\/5403","targetHints":{"allow":["GET"]}}],"collection":[{"href":"https:\/\/strasbourg.eleusal.com\/fr\/wp-json\/wp\/v2\/pages"}],"about":[{"href":"https:\/\/strasbourg.eleusal.com\/fr\/wp-json\/wp\/v2\/types\/page"}],"author":[{"embeddable":true,"href":"https:\/\/strasbourg.eleusal.com\/fr\/wp-json\/wp\/v2\/users\/3"}],"replies":[{"embeddable":true,"href":"https:\/\/strasbourg.eleusal.com\/fr\/wp-json\/wp\/v2\/comments?post=5403"}],"version-history":[{"count":29,"href":"https:\/\/strasbourg.eleusal.com\/fr\/wp-json\/wp\/v2\/pages\/5403\/revisions"}],"predecessor-version":[{"id":16334,"href":"https:\/\/strasbourg.eleusal.com\/fr\/wp-json\/wp\/v2\/pages\/5403\/revisions\/16334"}],"wp:attachment":[{"href":"https:\/\/strasbourg.eleusal.com\/fr\/wp-json\/wp\/v2\/media?parent=5403"}],"curies":[{"name":"wp","href":"https:\/\/api.w.org\/{rel}","templated":true}]}}