{"id":5989,"date":"2023-02-14T18:29:42","date_gmt":"2023-02-14T17:29:42","guid":{"rendered":"https:\/\/strasbourg.eleusal.com\/reglement-interieur-copy\/"},"modified":"2025-12-03T20:09:13","modified_gmt":"2025-12-03T19:09:13","slug":"diplome-espagnol-dele","status":"publish","type":"page","link":"https:\/\/strasbourg.eleusal.com\/fr\/diplome-espagnol-dele\/","title":{"rendered":"Dipl\u00f4mes DELE"},"content":{"rendered":"<p>[vc_row css_animation=\u00a0\u00bb\u00a0\u00bb row_type=\u00a0\u00bbrow\u00a0\u00bb use_row_as_full_screen_section=\u00a0\u00bbno\u00a0\u00bb type=\u00a0\u00bbfull_width\u00a0\u00bb angled_section=\u00a0\u00bbno\u00a0\u00bb text_align=\u00a0\u00bbleft\u00a0\u00bb background_image_as_pattern=\u00a0\u00bbwithout_pattern\u00a0\u00bb][vc_column][vc_column_text]<\/p>\n<h2 style=\"text-align: center\">Le dipl\u00f4me d\u2019espagnol comme langue \u00e9trang\u00e8re (DELE)<\/h2>\n<p>&nbsp;<\/p>\n<p>&nbsp;<\/p>\n<p style=\"text-align: justify\">Reconnus officiellement par le <span style=\"text-decoration: underline\"><span style=\"color: #99042f;text-decoration: underline\"><strong><a href=\"https:\/\/www.educacionyfp.gob.es\/francia\/dele-espanol-para-otros-fines\/instituto-cervantes.html\" target=\"_blank\" rel=\"noopener noreferrer\">Minist\u00e8re espagnol de l\u2019\u00c9ducation, de la Culture et des Sports<\/a>,<\/strong><\/span><\/span> les <span style=\"color: #99042f\"><strong>Dipl\u00f4mes d\u2019Espagnol comme Langue \u00c9trang\u00e8re (DELE)<\/strong><\/span> certifient votre niveau de comp\u00e9tence et de connaissance de la langue espagnole. Ils vous ouvrent les portes des universit\u00e9s, mais vous en fermeront aussi si votre niveau n\u2019est pas assez bon. L\u2019Institut Cervant\u00e8s organise des sessions d\u2019examens, tandis que l\u2019Universit\u00e9 de Salamanque en Espagne se charge de la conception ainsi que des corrections et de l\u2019\u00e9valuation finale de tous les examens.<\/p>\n<p>&nbsp;<\/p>\n<p class=\"spip\"><strong>\u00c0 quoi sert le DELE ?<\/strong><\/p>\n<p>&nbsp;<\/p>\n<p style=\"text-align: justify\">Le <strong>DELE (Dipl\u00f4me d\u2019Espagnol comme Langue \u00c9trang\u00e8re)<\/strong> est un certificat de comp\u00e9tence linguistique. Il est destin\u00e9 \u00e0 toutes les personnes dont l\u2019espagnol n\u2019est pas la langue maternelle et qui souhaitent partir dans un pays hispanophone, que ce soit pour \u00e9tudier dans une universit\u00e9, effectuer un stage ou m\u00eame travailler. Il vous ouvre donc les portes de l\u2019Espagne mais aussi de tout le continent sud-am\u00e9ricain, \u00e0 l&rsquo;exception du Br\u00e9sil.<\/p>\n<p>&nbsp;<\/p>\n<p style=\"text-align: justify\">Ces dipl\u00f4mes sont en effet les seuls \u00e0 \u00eatre reconnus officiellement par le Ministerio de Educaci\u00f3n y Cultura de Espa\u00f1a (minist\u00e8re de l\u2019\u00c9ducation, de la Culture et des Sports), ainsi que par de nombreux pays et institutions hispanophones.<\/p>\n<p>&nbsp;<\/p>\n<p>&nbsp;<\/p>\n<p class=\"spip\"><strong>Quel test passer\u00a0?<\/strong><\/p>\n<p>&nbsp;<\/p>\n<p style=\"text-align: justify\">Conform\u00e9ment aux normes europ\u00e9ennes, le DELE pr\u00e9voit 6 niveaux de comp\u00e9tences, de A1 \u00e0 C2. La classification est la suivante :<\/p>\n<p>&nbsp;<\/p>\n<p style=\"text-align: justify\"><strong><span style=\"color: #99042f\">&#8211; A = niveau \u00e9l\u00e9mentaire<\/span><\/strong> (ex : Certificado Inicial de Espa\u00f1ol) : le candidat peut comprendre et utiliser des expressions courantes, peut se pr\u00e9senter, poser des questions simples et r\u00e9pondre ;<\/p>\n<p>&nbsp;<\/p>\n<p style=\"text-align: justify\"><span style=\"color: #99042f\"><strong>&#8211; B = niveau ind\u00e9pendant<\/strong><\/span> (ex : Diploma B\u00e1sico de Espa\u00f1ol) : le candidat peut comprendre des sujets concrets et abstraits, s\u2019exprimer avec aisance sur des sujets relatifs \u00e0 ses exp\u00e9riences ou ses opinions, \u00e9ventuellement sur des sujets techniques ;<\/p>\n<p>&nbsp;<\/p>\n<p style=\"text-align: justify\"><span style=\"color: #99042f\"><strong>&#8211; C = niveau exp\u00e9riment\u00e9<\/strong><\/span> (ex : Diploma Superior de Espa\u00f1ol) : le candidat peut comprendre des textes exigeants, s\u2019exprimer couramment sur des sujets complexes, avec des nuances subtiles.<\/p>\n<p>&nbsp;<\/p>\n<p style=\"text-align: justify\">Chacune de ces strates est elle-m\u00eame divis\u00e9e en deux sous-niveaux : niveau inf\u00e9rieur (1) \/ niveau sup\u00e9rieur (2). \u00c0 vous de voir lequel correspond le mieux \u00e0 votre niveau.<\/p>\n<p>&nbsp;<\/p>\n<p>&nbsp;<\/p>\n<p><strong>Nature des \u00e9preuves<\/strong><\/p>\n<p>&nbsp;<\/p>\n<p style=\"text-align: justify\">Chaque test comporte une partie \u00e9crite et une partie orale face \u00e0 un examinateur. Sa dur\u00e9e et son degr\u00e9 de difficult\u00e9 d\u00e9pendent bien s\u00fbr du niveau. Ainsi pour le test A1, l\u2019\u00e9crit dure 90 minutes alors que pour le B2 il dure 210 minutes.<\/p>\n<p>&nbsp;<\/p>\n<p style=\"text-align: justify\">Chaque test comprend plusieurs exercices de diff\u00e9rents types visant \u00e0 \u00e9valuer votre compr\u00e9hension de l\u2019\u00e9crit, de l\u2019oral ainsi que votre expression \u00e9crite et orale. Le test B comprend \u00e9galement des questions de vocabulaire et de grammaire.<\/p>\n<p>&nbsp;<\/p>\n<p>&nbsp;<\/p>\n<h2 style=\"text-align: center\">Dates d\u2019examen DELE et dates limites d\u2019inscription \u2013 2026<\/h2>\n<p>&nbsp;<\/p>\n<p>&nbsp;<\/p>\n<p><a href=\"https:\/\/strasbourg.eleusal.com\/wp-content\/uploads\/sites\/29\/2025\/12\/FR_Dates-DELE-2026.jpg\" target=\"_blank\" rel=\"noopener\"><img loading=\"lazy\" decoding=\"async\" class=\"aligncenter wp-image-16330 size-full\" title=\"Dates examen DELE espagnol 2026\" src=\"https:\/\/strasbourg.eleusal.com\/wp-content\/uploads\/sites\/29\/2025\/12\/FR_Dates-DELE-2026.jpg\" alt=\"Dates examen espagnol DELE\" width=\"1173\" height=\"464\" \/><\/a><\/p>\n<p>&nbsp;<\/p>\n<p><strong>Comment puis-je m\u2019inscrire?<\/strong><\/p>\n<p>&nbsp;<\/p>\n<p style=\"text-align: justify\">1. Tout d\u2019abord, il faudra remplir <a href=\"https:\/\/examenes.cervantes.es\/sites\/default\/files\/formulaire_demande_d-inscription_dele_2026_fr.pdf\" target=\"_blank\" rel=\"noopener noreferrer\"><span style=\"text-decoration: underline\"><span style=\"color: #99042f;text-decoration: underline\"><strong>le formulaire ci-joint<\/strong><\/span><\/span><\/a> et nous le renvoyer \u00e0 <a href=\"mailto:info@strasbourg-eleusal.com\" target=\"_blank\" rel=\"noopener noreferrer\"><span style=\"color: #99042f\"><strong><span style=\"text-decoration: underline\">info@strasbourg-eleusal.com<\/span><\/strong><\/span><\/a> avec une photocopie de la pi\u00e8ce d\u2019identit\u00e9 (recto-verso) ou du passeport.<\/p>\n<p>&nbsp;<\/p>\n<p>2. Une fois que nous aurons re\u00e7u vos documents, nous vous enverrons une facture.<\/p>\n<p>&nbsp;<\/p>\n<p style=\"text-align: justify\">3. Vous devez proc\u00e9der au paiement de la facture soit par ch\u00e8que soit par virement bancaire. Une fois que nous aurons re\u00e7u ledit paiement, nous proc\u00e9derons \u00e0 votre inscription.<\/p>\n<p>&nbsp;<\/p>\n<p style=\"text-align: justify\">4. Vous recevrez alors une confirmation d\u2019inscription et le re\u00e7u de paiement.<\/p>\n<p>&nbsp;<\/p>\n<p>&nbsp;<\/p>\n<h2 style=\"text-align: center\">Frais d&rsquo;inscription aux examen DELE en France en 2026<\/h2>\n<p>&nbsp;<\/p>\n<p><a href=\"https:\/\/strasbourg.eleusal.com\/wp-content\/uploads\/sites\/29\/2025\/12\/FR_Prix-DELE-2026-1.jpg\" target=\"_blank\" rel=\"noopener\"><img loading=\"lazy\" decoding=\"async\" class=\"aligncenter wp-image-16358 size-full\" title=\"Prix examen DELE 2026\" src=\"https:\/\/strasbourg.eleusal.com\/wp-content\/uploads\/sites\/29\/2025\/12\/FR_Prix-DELE-2026-1.jpg\" alt=\"Prix examen DELE 2026\" width=\"655\" height=\"520\" \/><\/a><\/p>\n<p>&nbsp;<\/p>\n<p>&nbsp;<\/p>\n<h3 style=\"text-align: center\"><span style=\"color: #99042f\"><span style=\"text-decoration: underline\"><a style=\"color: #99042f;text-decoration: underline\" href=\"https:\/\/examenes.cervantes.es\/es\/dele\/que-es\" target=\"_blank\" rel=\"noopener noreferrer\">Plus d&rsquo;info<\/a>rmations<\/span><\/span><\/h3>\n<p>[\/vc_column_text][\/vc_column][\/vc_row][vc_row css_animation=\u00a0\u00bb\u00a0\u00bb row_type=\u00a0\u00bbrow\u00a0\u00bb use_row_as_full_screen_section=\u00a0\u00bbno\u00a0\u00bb type=\u00a0\u00bbfull_width\u00a0\u00bb angled_section=\u00a0\u00bbno\u00a0\u00bb text_align=\u00a0\u00bbleft\u00a0\u00bb background_image_as_pattern=\u00a0\u00bbwithout_pattern\u00a0\u00bb][vc_column][vc_empty_space][vc_empty_space][vc_empty_space][\/vc_column][\/vc_row]<\/p>\n","protected":false},"excerpt":{"rendered":"<p>[vc_row css_animation=\u00a0\u00bb\u00a0\u00bb row_type=\u00a0\u00bbrow\u00a0\u00bb use_row_as_full_screen_section=\u00a0\u00bbno\u00a0\u00bb type=\u00a0\u00bbfull_width\u00a0\u00bb angled_section=\u00a0\u00bbno\u00a0\u00bb text_align=\u00a0\u00bbleft\u00a0\u00bb background_image_as_pattern=\u00a0\u00bbwithout_pattern\u00a0\u00bb][vc_column][vc_column_text] Le dipl\u00f4me d\u2019espagnol comme langue \u00e9trang\u00e8re (DELE) &nbsp; &nbsp; Reconnus officiellement par le Minist\u00e8re espagnol de l\u2019\u00c9ducation, de la Culture et des Sports, les Dipl\u00f4mes d\u2019Espagnol comme Langue \u00c9trang\u00e8re (DELE) certifient votre niveau de comp\u00e9tence et de&#8230;<\/p>\n","protected":false},"author":19,"featured_media":0,"parent":0,"menu_order":0,"comment_status":"closed","ping_status":"closed","template":"","meta":{"footnotes":""},"class_list":["post-5989","page","type-page","status-publish","hentry"],"yoast_head":"<!-- This site is optimized with the Yoast SEO plugin v24.2 - https:\/\/yoast.com\/wordpress\/plugins\/seo\/ -->\n<title>Dipl\u00f4mes DELE - ELE USAL Strasbourg<\/title>\n<meta name=\"description\" content=\"Reconnus officiellement, les Dipl\u00f4mes d\u2019Espagnol comme Langue \u00c9trang\u00e8re (DELE) certifient votre niveau de comp\u00e9tence de la langue espagnole\" \/>\n<meta name=\"robots\" content=\"index, follow, max-snippet:-1, max-image-preview:large, max-video-preview:-1\" \/>\n<link rel=\"canonical\" href=\"https:\/\/strasbourg.eleusal.com\/fr\/diplome-espagnol-dele\/\" \/>\n<meta property=\"og:locale\" content=\"fr_FR\" \/>\n<meta property=\"og:type\" content=\"article\" \/>\n<meta property=\"og:title\" content=\"Dipl\u00f4mes DELE - ELE USAL Strasbourg\" \/>\n<meta property=\"og:description\" content=\"Reconnus officiellement, les Dipl\u00f4mes d\u2019Espagnol comme Langue \u00c9trang\u00e8re (DELE) certifient votre niveau de comp\u00e9tence de la langue espagnole\" \/>\n<meta property=\"og:url\" content=\"https:\/\/strasbourg.eleusal.com\/fr\/diplome-espagnol-dele\/\" \/>\n<meta property=\"og:site_name\" content=\"ELE USAL Strasbourg\" \/>\n<meta property=\"article:publisher\" content=\"https:\/\/www.facebook.com\/StrasbourgELEUSAL\/\" \/>\n<meta property=\"article:modified_time\" content=\"2025-12-03T19:09:13+00:00\" \/>\n<meta property=\"og:image\" content=\"https:\/\/strasbourg.eleusal.com\/wp-content\/uploads\/sites\/29\/2025\/12\/FR_Dates-DELE-2026.jpg\" \/>\n\t<meta property=\"og:image:width\" content=\"1173\" \/>\n\t<meta property=\"og:image:height\" content=\"464\" \/>\n\t<meta property=\"og:image:type\" content=\"image\/jpeg\" \/>\n<meta name=\"twitter:card\" content=\"summary_large_image\" \/>\n<meta name=\"twitter:site\" content=\"@StrasbourgEle\" \/>\n<meta name=\"twitter:label1\" content=\"Dur\u00e9e de lecture estim\u00e9e\" \/>\n\t<meta name=\"twitter:data1\" content=\"3 minutes\" \/>\n<script type=\"application\/ld+json\" class=\"yoast-schema-graph\">{\"@context\":\"https:\/\/schema.org\",\"@graph\":[{\"@type\":\"WebPage\",\"@id\":\"https:\/\/strasbourg.eleusal.com\/fr\/diplome-espagnol-dele\/\",\"url\":\"https:\/\/strasbourg.eleusal.com\/fr\/diplome-espagnol-dele\/\",\"name\":\"Dipl\u00f4mes DELE - ELE USAL Strasbourg\",\"isPartOf\":{\"@id\":\"https:\/\/strasbourg.eleusal.com\/fr\/#website\"},\"primaryImageOfPage\":{\"@id\":\"https:\/\/strasbourg.eleusal.com\/fr\/diplome-espagnol-dele\/#primaryimage\"},\"image\":{\"@id\":\"https:\/\/strasbourg.eleusal.com\/fr\/diplome-espagnol-dele\/#primaryimage\"},\"thumbnailUrl\":\"https:\/\/strasbourg.eleusal.com\/wp-content\/uploads\/sites\/29\/2025\/12\/FR_Dates-DELE-2026.jpg\",\"datePublished\":\"2023-02-14T17:29:42+00:00\",\"dateModified\":\"2025-12-03T19:09:13+00:00\",\"description\":\"Reconnus officiellement, les Dipl\u00f4mes d\u2019Espagnol comme Langue \u00c9trang\u00e8re (DELE) certifient votre niveau de comp\u00e9tence de la langue espagnole\",\"breadcrumb\":{\"@id\":\"https:\/\/strasbourg.eleusal.com\/fr\/diplome-espagnol-dele\/#breadcrumb\"},\"inLanguage\":\"fr-FR\",\"potentialAction\":[{\"@type\":\"ReadAction\",\"target\":[\"https:\/\/strasbourg.eleusal.com\/fr\/diplome-espagnol-dele\/\"]}]},{\"@type\":\"ImageObject\",\"inLanguage\":\"fr-FR\",\"@id\":\"https:\/\/strasbourg.eleusal.com\/fr\/diplome-espagnol-dele\/#primaryimage\",\"url\":\"https:\/\/strasbourg.eleusal.com\/wp-content\/uploads\/sites\/29\/2025\/12\/FR_Dates-DELE-2026.jpg\",\"contentUrl\":\"https:\/\/strasbourg.eleusal.com\/wp-content\/uploads\/sites\/29\/2025\/12\/FR_Dates-DELE-2026.jpg\"},{\"@type\":\"BreadcrumbList\",\"@id\":\"https:\/\/strasbourg.eleusal.com\/fr\/diplome-espagnol-dele\/#breadcrumb\",\"itemListElement\":[{\"@type\":\"ListItem\",\"position\":1,\"name\":\"Home\",\"item\":\"https:\/\/strasbourg.eleusal.com\/fr\/\"},{\"@type\":\"ListItem\",\"position\":2,\"name\":\"Dipl\u00f4mes DELE\"}]},{\"@type\":\"WebSite\",\"@id\":\"https:\/\/strasbourg.eleusal.com\/fr\/#website\",\"url\":\"https:\/\/strasbourg.eleusal.com\/fr\/\",\"name\":\"ELE USAL Strasbourg\",\"description\":\"Institut de Langue Espagnole, apprentissage espagnol, Strasbourg\",\"publisher\":{\"@id\":\"https:\/\/strasbourg.eleusal.com\/fr\/#organization\"},\"potentialAction\":[{\"@type\":\"SearchAction\",\"target\":{\"@type\":\"EntryPoint\",\"urlTemplate\":\"https:\/\/strasbourg.eleusal.com\/fr\/?s={search_term_string}\"},\"query-input\":{\"@type\":\"PropertyValueSpecification\",\"valueRequired\":true,\"valueName\":\"search_term_string\"}}],\"inLanguage\":\"fr-FR\"},{\"@type\":\"Organization\",\"@id\":\"https:\/\/strasbourg.eleusal.com\/fr\/#organization\",\"name\":\"ELE USAL Strasbourg\",\"url\":\"https:\/\/strasbourg.eleusal.com\/fr\/\",\"logo\":{\"@type\":\"ImageObject\",\"inLanguage\":\"fr-FR\",\"@id\":\"https:\/\/strasbourg.eleusal.com\/fr\/#\/schema\/logo\/image\/\",\"url\":\"https:\/\/strasbourg.eleusal.com\/wp-content\/uploads\/sites\/29\/2025\/06\/ELE_Strasbourg_color-01.png\",\"contentUrl\":\"https:\/\/strasbourg.eleusal.com\/wp-content\/uploads\/sites\/29\/2025\/06\/ELE_Strasbourg_color-01.png\",\"width\":1772,\"height\":2480,\"caption\":\"ELE USAL Strasbourg\"},\"image\":{\"@id\":\"https:\/\/strasbourg.eleusal.com\/fr\/#\/schema\/logo\/image\/\"},\"sameAs\":[\"https:\/\/www.facebook.com\/StrasbourgELEUSAL\/\",\"https:\/\/x.com\/StrasbourgEle\",\"https:\/\/www.instagram.com\/eleusal_strasbourg\/\",\"https:\/\/www.linkedin.com\/company\/strasbourg-ele-usal\/\"]}]}<\/script>\n<!-- \/ Yoast SEO plugin. -->","yoast_head_json":{"title":"Dipl\u00f4mes DELE - ELE USAL Strasbourg","description":"Reconnus officiellement, les Dipl\u00f4mes d\u2019Espagnol comme Langue \u00c9trang\u00e8re (DELE) certifient votre niveau de comp\u00e9tence de la langue espagnole","robots":{"index":"index","follow":"follow","max-snippet":"max-snippet:-1","max-image-preview":"max-image-preview:large","max-video-preview":"max-video-preview:-1"},"canonical":"https:\/\/strasbourg.eleusal.com\/fr\/diplome-espagnol-dele\/","og_locale":"fr_FR","og_type":"article","og_title":"Dipl\u00f4mes DELE - ELE USAL Strasbourg","og_description":"Reconnus officiellement, les Dipl\u00f4mes d\u2019Espagnol comme Langue \u00c9trang\u00e8re (DELE) certifient votre niveau de comp\u00e9tence de la langue espagnole","og_url":"https:\/\/strasbourg.eleusal.com\/fr\/diplome-espagnol-dele\/","og_site_name":"ELE USAL Strasbourg","article_publisher":"https:\/\/www.facebook.com\/StrasbourgELEUSAL\/","article_modified_time":"2025-12-03T19:09:13+00:00","og_image":[{"width":1173,"height":464,"url":"https:\/\/strasbourg.eleusal.com\/wp-content\/uploads\/sites\/29\/2025\/12\/FR_Dates-DELE-2026.jpg","type":"image\/jpeg"}],"twitter_card":"summary_large_image","twitter_site":"@StrasbourgEle","twitter_misc":{"Dur\u00e9e de lecture estim\u00e9e":"3 minutes"},"schema":{"@context":"https:\/\/schema.org","@graph":[{"@type":"WebPage","@id":"https:\/\/strasbourg.eleusal.com\/fr\/diplome-espagnol-dele\/","url":"https:\/\/strasbourg.eleusal.com\/fr\/diplome-espagnol-dele\/","name":"Dipl\u00f4mes DELE - ELE USAL Strasbourg","isPartOf":{"@id":"https:\/\/strasbourg.eleusal.com\/fr\/#website"},"primaryImageOfPage":{"@id":"https:\/\/strasbourg.eleusal.com\/fr\/diplome-espagnol-dele\/#primaryimage"},"image":{"@id":"https:\/\/strasbourg.eleusal.com\/fr\/diplome-espagnol-dele\/#primaryimage"},"thumbnailUrl":"https:\/\/strasbourg.eleusal.com\/wp-content\/uploads\/sites\/29\/2025\/12\/FR_Dates-DELE-2026.jpg","datePublished":"2023-02-14T17:29:42+00:00","dateModified":"2025-12-03T19:09:13+00:00","description":"Reconnus officiellement, les Dipl\u00f4mes d\u2019Espagnol comme Langue \u00c9trang\u00e8re (DELE) certifient votre niveau de comp\u00e9tence de la langue espagnole","breadcrumb":{"@id":"https:\/\/strasbourg.eleusal.com\/fr\/diplome-espagnol-dele\/#breadcrumb"},"inLanguage":"fr-FR","potentialAction":[{"@type":"ReadAction","target":["https:\/\/strasbourg.eleusal.com\/fr\/diplome-espagnol-dele\/"]}]},{"@type":"ImageObject","inLanguage":"fr-FR","@id":"https:\/\/strasbourg.eleusal.com\/fr\/diplome-espagnol-dele\/#primaryimage","url":"https:\/\/strasbourg.eleusal.com\/wp-content\/uploads\/sites\/29\/2025\/12\/FR_Dates-DELE-2026.jpg","contentUrl":"https:\/\/strasbourg.eleusal.com\/wp-content\/uploads\/sites\/29\/2025\/12\/FR_Dates-DELE-2026.jpg"},{"@type":"BreadcrumbList","@id":"https:\/\/strasbourg.eleusal.com\/fr\/diplome-espagnol-dele\/#breadcrumb","itemListElement":[{"@type":"ListItem","position":1,"name":"Home","item":"https:\/\/strasbourg.eleusal.com\/fr\/"},{"@type":"ListItem","position":2,"name":"Dipl\u00f4mes DELE"}]},{"@type":"WebSite","@id":"https:\/\/strasbourg.eleusal.com\/fr\/#website","url":"https:\/\/strasbourg.eleusal.com\/fr\/","name":"ELE USAL Strasbourg","description":"Institut de Langue Espagnole, apprentissage espagnol, Strasbourg","publisher":{"@id":"https:\/\/strasbourg.eleusal.com\/fr\/#organization"},"potentialAction":[{"@type":"SearchAction","target":{"@type":"EntryPoint","urlTemplate":"https:\/\/strasbourg.eleusal.com\/fr\/?s={search_term_string}"},"query-input":{"@type":"PropertyValueSpecification","valueRequired":true,"valueName":"search_term_string"}}],"inLanguage":"fr-FR"},{"@type":"Organization","@id":"https:\/\/strasbourg.eleusal.com\/fr\/#organization","name":"ELE USAL Strasbourg","url":"https:\/\/strasbourg.eleusal.com\/fr\/","logo":{"@type":"ImageObject","inLanguage":"fr-FR","@id":"https:\/\/strasbourg.eleusal.com\/fr\/#\/schema\/logo\/image\/","url":"https:\/\/strasbourg.eleusal.com\/wp-content\/uploads\/sites\/29\/2025\/06\/ELE_Strasbourg_color-01.png","contentUrl":"https:\/\/strasbourg.eleusal.com\/wp-content\/uploads\/sites\/29\/2025\/06\/ELE_Strasbourg_color-01.png","width":1772,"height":2480,"caption":"ELE USAL Strasbourg"},"image":{"@id":"https:\/\/strasbourg.eleusal.com\/fr\/#\/schema\/logo\/image\/"},"sameAs":["https:\/\/www.facebook.com\/StrasbourgELEUSAL\/","https:\/\/x.com\/StrasbourgEle","https:\/\/www.instagram.com\/eleusal_strasbourg\/","https:\/\/www.linkedin.com\/company\/strasbourg-ele-usal\/"]}]}},"_links":{"self":[{"href":"https:\/\/strasbourg.eleusal.com\/fr\/wp-json\/wp\/v2\/pages\/5989","targetHints":{"allow":["GET"]}}],"collection":[{"href":"https:\/\/strasbourg.eleusal.com\/fr\/wp-json\/wp\/v2\/pages"}],"about":[{"href":"https:\/\/strasbourg.eleusal.com\/fr\/wp-json\/wp\/v2\/types\/page"}],"author":[{"embeddable":true,"href":"https:\/\/strasbourg.eleusal.com\/fr\/wp-json\/wp\/v2\/users\/19"}],"replies":[{"embeddable":true,"href":"https:\/\/strasbourg.eleusal.com\/fr\/wp-json\/wp\/v2\/comments?post=5989"}],"version-history":[{"count":13,"href":"https:\/\/strasbourg.eleusal.com\/fr\/wp-json\/wp\/v2\/pages\/5989\/revisions"}],"predecessor-version":[{"id":16361,"href":"https:\/\/strasbourg.eleusal.com\/fr\/wp-json\/wp\/v2\/pages\/5989\/revisions\/16361"}],"wp:attachment":[{"href":"https:\/\/strasbourg.eleusal.com\/fr\/wp-json\/wp\/v2\/media?parent=5989"}],"curies":[{"name":"wp","href":"https:\/\/api.w.org\/{rel}","templated":true}]}}