{"id":6053,"date":"2023-02-15T10:24:41","date_gmt":"2023-02-15T09:24:41","guid":{"rendered":"https:\/\/strasbourg.eleusal.com\/diplome-dele-copy\/"},"modified":"2025-03-22T13:21:27","modified_gmt":"2025-03-22T12:21:27","slug":"certification-siele","status":"publish","type":"page","link":"https:\/\/strasbourg.eleusal.com\/fr\/certification-siele\/","title":{"rendered":"Certification SIELE"},"content":{"rendered":"<p>[vc_row css_animation=\u00a0\u00bb\u00a0\u00bb row_type=\u00a0\u00bbrow\u00a0\u00bb use_row_as_full_screen_section=\u00a0\u00bbno\u00a0\u00bb type=\u00a0\u00bbfull_width\u00a0\u00bb angled_section=\u00a0\u00bbno\u00a0\u00bb text_align=\u00a0\u00bbleft\u00a0\u00bb background_image_as_pattern=\u00a0\u00bbwithout_pattern\u00a0\u00bb][vc_column][vc_column_text]<\/p>\n<h1 style=\"text-align: center\">Service International d&rsquo;\u00c9valuation de la Langue Espagnole ( SIELE )<\/h1>\n<p>&nbsp;<\/p>\n<p>&nbsp;<\/p>\n<h2 style=\"font-size: 28px\">Qu&rsquo;est-ce qu&rsquo;est le SIELE ?<\/h2>\n<p>&nbsp;<\/p>\n<p style=\"text-align: justify\"><strong>SIELE est le Service International d&rsquo;\u00c9valuation de la Langue Espagnole<\/strong> qui certifie le degr\u00e9 de ma\u00eetrise de l&rsquo;espagnol par des moyens \u00e9lectroniques et s&rsquo;adresse aux \u00e9tudiants et aux professionnels dans tout le monde.<\/p>\n<p>&nbsp;<\/p>\n<p style=\"text-align: justify\">Il est promu par <strong>l&rsquo;Institut Cervantes, l&rsquo;universit\u00e9 nationale autonome du Mexique, l&rsquo;universit\u00e9 de Salamanque et l&rsquo;universit\u00e9 de Buenos Aires,<\/strong> ce qui la garantit qualit\u00e9 dans l&rsquo;\u00e9laboration des \u00e9preuves en appliquant diff\u00e9rentes vari\u00e9t\u00e9s linguistiques qui concernent le monde hispanique.<\/p>\n<p>&nbsp;<\/p>\n<p style=\"text-align: justify\">SIELE certifie le degr\u00e9 de comp\u00e9tence du niveau de l&rsquo;espagnole comportant quatre \u00e9preuves : Compr\u00e9hension \u00e9crite, Compr\u00e9hension orale, Expression \u00e9crite et Expression orale ; Prend comme r\u00e9f\u00e9rence les niveaux du Cadre europ\u00e9en commun de r\u00e9f\u00e9rence pour les langues (CECRL) du Conseil de l&rsquo;Europe.<\/p>\n<p><a href=\"https:\/\/strasbourg.eleusal.com\/wp-content\/uploads\/sites\/29\/2023\/02\/SIELE_FR.jpg\" target=\"_blank\" rel=\"noopener noreferrer\"><br \/>\n<img loading=\"lazy\" decoding=\"async\" class=\"aligncenter wp-image-6058 size-full\" src=\"https:\/\/strasbourg.eleusal.com\/wp-content\/uploads\/sites\/29\/2023\/02\/SIELE_FR.jpg\" alt=\"Examen SIELE \u00e0 Strasbourg\" width=\"1128\" height=\"216\" srcset=\"https:\/\/strasbourg.eleusal.com\/wp-content\/uploads\/sites\/29\/2023\/02\/SIELE_FR.jpg 1128w, https:\/\/strasbourg.eleusal.com\/wp-content\/uploads\/sites\/29\/2023\/02\/SIELE_FR-300x57.jpg 300w, https:\/\/strasbourg.eleusal.com\/wp-content\/uploads\/sites\/29\/2023\/02\/SIELE_FR-1024x196.jpg 1024w, https:\/\/strasbourg.eleusal.com\/wp-content\/uploads\/sites\/29\/2023\/02\/SIELE_FR-768x147.jpg 768w, https:\/\/strasbourg.eleusal.com\/wp-content\/uploads\/sites\/29\/2023\/02\/SIELE_FR-700x134.jpg 700w, https:\/\/strasbourg.eleusal.com\/wp-content\/uploads\/sites\/29\/2023\/02\/SIELE_FR-600x115.jpg 600w\" sizes=\"auto, (max-width: 1128px) 100vw, 1128px\" \/><br \/>\n<\/a><\/p>\n<p>&nbsp;<\/p>\n<p style=\"text-align: justify\">Num\u00e9rique car toutes les d\u00e9marches se font par voie \u00e9lectronique. L\u2019inscription, la r\u00e9alisation des \u00e9preuves, l\u2019information de r\u00e9sultats et l\u2019obtention du Certificat du rapport de notes se font par internet.<\/p>\n<p>&nbsp;<\/p>\n<p style=\"text-align: justify\">Adaptable car il s\u2019adapte aux besoins de l\u2019utilisateur. Le candidat peut choisir entre certifier sa comp\u00e9tence globale de l\u2019espagnol, ou bien les diff\u00e9rentes activit\u00e9s langagi\u00e8res (lire, \u00e9crire, comprendre, parler).<\/p>\n<p>&nbsp;<\/p>\n<p style=\"text-align: justify\">Rapide car on obtient les r\u00e9sultats et le certificat ou rapport dans un d\u00e9lai maximum de trois semaines et car il fonctionne par un syst\u00e8me de rendez-vous pris au pr\u00e9alable dans les centres d\u2019examen SIELE.<\/p>\n<p>&nbsp;<\/p>\n<p style=\"text-align: justify\">International car, coordonn\u00e9 depuis le Mexique, l\u2019Espagne et l\u2019Argentine, il int\u00e8gre les variantes de la grande carte linguistique de l\u2019espagnol. Chaque \u00e9preuve SIELE combine, obligatoirement, un minimum de trois vari\u00e9t\u00e9s diff\u00e9rentes de l\u2019espagnol.<\/p>\n<p>&nbsp;<\/p>\n<p style=\"text-align: justify\">De qualit\u00e9 car il est cautionn\u00e9 par des organismes prestigieux comme l\u2019IC, l\u2019UNAM, l\u2019USAL et l\u2019UBA garantissant des normes de qualit\u00e9 et de bonnes pratiques aussi bien dans l\u2019\u00e9laboration des \u00e9preuves que dans la gestion, l\u2019information et la communication des r\u00e9sultats.<\/p>\n<p>&nbsp;<\/p>\n<p>En plus, <span style=\"color: #99042f\"><strong>vous pouvez vous examiner dans un centre SIELE en pr\u00e9sentiel ou en distanciel.<\/strong><\/span>[\/vc_column_text][vc_empty_space][vc_empty_space][vc_column_text]<strong>Modalit\u00e9s<\/strong><\/p>\n<p>&nbsp;<\/p>\n<p style=\"text-align: justify\"><strong>SIELE\u00a0<\/strong>met \u00e0 votre disposition\u00a0<strong>6 types d&rsquo;examens\u00a0<\/strong>qui s&rsquo;adaptent \u00e0 vos besoins de certification. Choisissez le votre et obtenez <strong>le certificat d&rsquo;espagnol valable pendant cinq ans.<\/strong><\/p>\n<p>&nbsp;<\/p>\n<p><span style=\"color: #99042f\"><strong>SIELE GLOBAL<\/strong><\/span><\/p>\n<p>&nbsp;<\/p>\n<p style=\"text-align: justify\">SIELE est l&rsquo;examen le plus complet pour certifier la ma\u00eetrise de la langue espagnole.<\/p>\n<p>&nbsp;<\/p>\n<p style=\"text-align: justify\">Il s&rsquo;agit d&rsquo;un seul examen \u00e0 plusieurs niveaux qui permet obtenir le certificat SIELE, un document qui comprend une notation de 0 \u00e0 1 000, r\u00e9sultat de la somme de la note dans chacun des quatre \u00e9preuves , li\u00e9 aux niveaux du Cadre Europ\u00e9en Commun de R\u00e9f\u00e9rence pour les Langues (CECRL).<\/p>\n<p>&nbsp;<\/p>\n<p><a href=\"https:\/\/strasbourg.eleusal.com\/wp-content\/uploads\/sites\/29\/2023\/02\/Captura-de-pantalla-2023-02-15-a-las-10.41.54.png\" target=\"_blank\" rel=\"noopener noreferrer\"><img loading=\"lazy\" decoding=\"async\" class=\"aligncenter wp-image-6061 size-full\" src=\"https:\/\/strasbourg.eleusal.com\/wp-content\/uploads\/sites\/29\/2023\/02\/Captura-de-pantalla-2023-02-15-a-las-10.41.54.png\" alt=\"\" width=\"1008\" height=\"336\" srcset=\"https:\/\/strasbourg.eleusal.com\/wp-content\/uploads\/sites\/29\/2023\/02\/Captura-de-pantalla-2023-02-15-a-las-10.41.54.png 1008w, https:\/\/strasbourg.eleusal.com\/wp-content\/uploads\/sites\/29\/2023\/02\/Captura-de-pantalla-2023-02-15-a-las-10.41.54-300x100.png 300w, https:\/\/strasbourg.eleusal.com\/wp-content\/uploads\/sites\/29\/2023\/02\/Captura-de-pantalla-2023-02-15-a-las-10.41.54-768x256.png 768w, https:\/\/strasbourg.eleusal.com\/wp-content\/uploads\/sites\/29\/2023\/02\/Captura-de-pantalla-2023-02-15-a-las-10.41.54-700x233.png 700w, https:\/\/strasbourg.eleusal.com\/wp-content\/uploads\/sites\/29\/2023\/02\/Captura-de-pantalla-2023-02-15-a-las-10.41.54-600x200.png 600w\" sizes=\"auto, (max-width: 1008px) 100vw, 1008px\" \/><\/a><\/p>\n<p>&nbsp;<\/p>\n<p><span style=\"color: #99042f\"><strong>MODALIT\u00c9S IND\u00c9PENDANTES<\/strong><\/span><\/p>\n<p>&nbsp;<\/p>\n<p style=\"text-align: justify\">5 modalit\u00e9s d&rsquo;examen bas\u00e9es sur la combinaison des diff\u00e9rents \u00e9preuves.<\/p>\n<p>&nbsp;<\/p>\n<p style=\"text-align: justify\">Une de ces 5 modalit\u00e9s ind\u00e9pendantes vous permet obtenir un Rapport SIELE et les qualifications obtenues li\u00e9es aux niveaux du MCER.<\/p>\n<p>&nbsp;<\/p>\n<p><a href=\"https:\/\/strasbourg.eleusal.com\/wp-content\/uploads\/sites\/29\/2023\/02\/Captura-de-pantalla-2023-02-15-a-las-10.44.47-6.png\" target=\"_blank\" rel=\"noopener noreferrer\"><img loading=\"lazy\" decoding=\"async\" class=\"aligncenter wp-image-6082 size-large\" src=\"https:\/\/strasbourg.eleusal.com\/wp-content\/uploads\/sites\/29\/2023\/02\/Captura-de-pantalla-2023-02-15-a-las-10.44.47-6-1024x469.png\" alt=\"\" width=\"1024\" height=\"469\" srcset=\"https:\/\/strasbourg.eleusal.com\/wp-content\/uploads\/sites\/29\/2023\/02\/Captura-de-pantalla-2023-02-15-a-las-10.44.47-6-1024x469.png 1024w, https:\/\/strasbourg.eleusal.com\/wp-content\/uploads\/sites\/29\/2023\/02\/Captura-de-pantalla-2023-02-15-a-las-10.44.47-6-300x137.png 300w, https:\/\/strasbourg.eleusal.com\/wp-content\/uploads\/sites\/29\/2023\/02\/Captura-de-pantalla-2023-02-15-a-las-10.44.47-6-768x352.png 768w, https:\/\/strasbourg.eleusal.com\/wp-content\/uploads\/sites\/29\/2023\/02\/Captura-de-pantalla-2023-02-15-a-las-10.44.47-6-700x321.png 700w, https:\/\/strasbourg.eleusal.com\/wp-content\/uploads\/sites\/29\/2023\/02\/Captura-de-pantalla-2023-02-15-a-las-10.44.47-6-600x275.png 600w, https:\/\/strasbourg.eleusal.com\/wp-content\/uploads\/sites\/29\/2023\/02\/Captura-de-pantalla-2023-02-15-a-las-10.44.47-6.png 1092w\" sizes=\"auto, (max-width: 1024px) 100vw, 1024px\" \/><\/a><\/p>\n<p style=\"text-align: justify\">Selon le type de t\u00e2ches choisit, votre examen sera compos\u00e9 de 4 \u00e9preuves (examen SIELE GLOBAL) ou bien, une combinaison des \u00e9preuves (modalit\u00e9s ind\u00e9pendantes).<\/p>\n<p>&nbsp;<\/p>\n<p style=\"text-align: justify\">De nombreuses universit\u00e9s espagnoles exigent \u00e0 leurs \u00e9tudiants d&rsquo;avoir en possession un certificat officiel d&rsquo;espagnol pour acc\u00e9der a des titres de deuxi\u00e8me et troisi\u00e8me cycle.<\/p>\n<p>&nbsp;<\/p>\n<p style=\"text-align: justify\">Selon l&rsquo;universit\u00e9, le niveau requis est diff\u00e9rent, n\u00e9anmoins <strong>les niveaux les plus demand\u00e9s sont B1 et B2.<\/strong><\/p>\n<p>&nbsp;<\/p>\n<p style=\"text-align: justify\">Nous vous pr\u00e9senterons les niveaux de qualification des \u00e9preuves SIELE et leur int\u00e9gration avec (ceux du) CECRL, qui peuvent \u00eatre t\u00e9l\u00e9charg\u00e9s <a href=\"https:\/\/siele.org\/documents\/10180\/104512\/SIELE_TablaCompleta_FR\/02bd33fc-9205-43af-9807-b1cb68e8838e?t=1526627733485\" target=\"_blank\" rel=\"noopener noreferrer\"><span style=\"text-decoration: underline\"><span style=\"color: #99042f\"><strong>\u00e0 partir du lien suivant.<\/strong><\/span><\/span><\/a><\/p>\n<p>&nbsp;<\/p>\n<p>&nbsp;<\/p>\n<p style=\"text-align: justify\"><strong>Et n&rsquo;oubliez pas<\/strong>, <span style=\"color: #99042f\"><strong>vous povez vous examiner dans un centre SIELE en pr\u00e9sentiel ou en ditanciel. Dans les deux cas, si vous le souhaitez, vous pouvez le faire avec nous. Il vous suffit de nous \u00e9crire \u00e0 l&rsquo;adresse <a href=\"mailto:info@strasbourg-eleusal.com\" target=\"_blank\" rel=\"noopener noreferrer\"><span style=\"text-decoration: underline\">info@strasbourg-eleusal.com<\/span><\/a> et nous ouvrirons une session et vous informerons des prochaines \u00e9tapes.<\/strong><\/span><\/p>\n<p>&nbsp;<\/p>\n<p>&nbsp;<\/p>\n<p style=\"text-align: justify\"><span style=\"color: #99042f\"><strong>ELE USAL Strasbourg propose \u00e9galement aux \u00e9tablissements d&rsquo;enseignement et\/ou aux organisations un service de certification en langue espagnole par le biais du certificat SIELE. Si c&rsquo;est votre cas, <a href=\"mailto:info@strasbourg-eleusal.com\"><span style=\"text-decoration: underline\">n&rsquo;h\u00e9sitez pas \u00e0 nous \u00e9crire pour tout organiser.<\/span><\/a><\/strong><\/span><\/p>\n<p>&nbsp;<\/p>\n<p>&nbsp;<\/p>\n<p style=\"text-align: justify\"><strong><span style=\"color: #99042f\">Et si vous voulez bien vous pr\u00e9parer \u00e0 l&rsquo;examen, nous pouvons aussi vous aider ! Nous pouvons vous proposer un cours de 10 ou 20 heures au cours duquel nous nous exercerons \u00e0 toutes les t\u00e2ches de l&rsquo;examen. Pour plus d&rsquo;informations, <a href=\"mailto:info@strasbourg-eleusal.com\"><span style=\"text-decoration: underline\">contactez-nous.<\/span><\/a><\/span><\/strong><\/p>\n<p>&nbsp;<\/p>\n<p>&nbsp;<\/p>\n<p><strong>Plus d&rsquo;informations<\/strong><\/p>\n<p>&nbsp;<\/p>\n<ul>\n<li><a href=\"https:\/\/siele.org\/documents\/10180\/84852\/SIELE_GuiaExamen_20180412_FR\/10b6d36f-0329-4644-9e16-e280e2568dda\" target=\"_blank\" rel=\"noopener noreferrer\"><span style=\"color: #99042f\"><strong><span style=\"text-decoration: underline\">T\u00c9L\u00c9CHARGER LE GUIDE D&rsquo;EXAMEN<\/span><\/strong><\/span><\/a><\/li>\n<\/ul>\n<p>&nbsp;<\/p>\n<ul>\n<li><a href=\"https:\/\/examendemo.siele.org\/\" target=\"_blank\" rel=\"noopener noreferrer\"><span style=\"text-decoration: underline\"><strong><span style=\"color: #99042f;text-decoration: underline\">R\u00c9ALISER UNE D\u00c9MO DE L&rsquo;EXAMEN<\/span><\/strong><\/span><\/a><\/li>\n<\/ul>\n<p>&nbsp;<\/p>\n<ul>\n<li><a href=\"https:\/\/siele.org\/documents\/10180\/17372441\/Operativa+candidato-fichas\/e80f4a54-4399-4b58-9da6-fc0a609cac84\" target=\"_blank\" rel=\"noopener noreferrer\"><span style=\"text-decoration: underline\"><strong><span style=\"color: #99042f;text-decoration: underline\">CONDITIONS REQUISES DU SIELE \u00c0 DISTANCE<\/span><\/strong><\/span><\/a><\/li>\n<\/ul>\n<p>&nbsp;<\/p>\n<ul>\n<li><a href=\"https:\/\/siele.org\/documents\/10180\/17372441\/SIELE+Remoto+-+Gu%C3%ADa+del+candidatos\/f7104628-d809-47cf-b16d-1a31618505f8\" target=\"_blank\" rel=\"noopener noreferrer\"><span style=\"text-decoration: underline\"><strong><span style=\"color: #99042f;text-decoration: underline\">GUIDE SIELE \u00c0 DISTANCE<\/span><\/strong><\/span><\/a><\/li>\n<\/ul>\n<p>[\/vc_column_text][\/vc_column][\/vc_row][vc_row css_animation=\u00a0\u00bb\u00a0\u00bb row_type=\u00a0\u00bbrow\u00a0\u00bb use_row_as_full_screen_section=\u00a0\u00bbno\u00a0\u00bb type=\u00a0\u00bbfull_width\u00a0\u00bb angled_section=\u00a0\u00bbno\u00a0\u00bb text_align=\u00a0\u00bbleft\u00a0\u00bb background_image_as_pattern=\u00a0\u00bbwithout_pattern\u00a0\u00bb][vc_column][vc_empty_space][vc_empty_space][vc_column_text]<strong>Prix<\/strong><\/p>\n<p>&nbsp;<\/p>\n<p>&nbsp;<\/p>\n<p><a href=\"https:\/\/strasbourg.eleusal.com\/wp-content\/uploads\/sites\/29\/2023\/02\/Captura-de-pantalla-2023-02-16-a-las-9.47.30.png\" target=\"_blank\" rel=\"noopener noreferrer\"><img loading=\"lazy\" decoding=\"async\" class=\"aligncenter wp-image-6109 size-full\" src=\"https:\/\/strasbourg.eleusal.com\/wp-content\/uploads\/sites\/29\/2023\/02\/Captura-de-pantalla-2023-02-16-a-las-9.47.30.png\" alt=\"\" width=\"1434\" height=\"570\" srcset=\"https:\/\/strasbourg.eleusal.com\/wp-content\/uploads\/sites\/29\/2023\/02\/Captura-de-pantalla-2023-02-16-a-las-9.47.30.png 1434w, https:\/\/strasbourg.eleusal.com\/wp-content\/uploads\/sites\/29\/2023\/02\/Captura-de-pantalla-2023-02-16-a-las-9.47.30-300x119.png 300w, https:\/\/strasbourg.eleusal.com\/wp-content\/uploads\/sites\/29\/2023\/02\/Captura-de-pantalla-2023-02-16-a-las-9.47.30-1024x407.png 1024w, https:\/\/strasbourg.eleusal.com\/wp-content\/uploads\/sites\/29\/2023\/02\/Captura-de-pantalla-2023-02-16-a-las-9.47.30-768x305.png 768w, https:\/\/strasbourg.eleusal.com\/wp-content\/uploads\/sites\/29\/2023\/02\/Captura-de-pantalla-2023-02-16-a-las-9.47.30-700x278.png 700w, https:\/\/strasbourg.eleusal.com\/wp-content\/uploads\/sites\/29\/2023\/02\/Captura-de-pantalla-2023-02-16-a-las-9.47.30-600x238.png 600w\" sizes=\"auto, (max-width: 1434px) 100vw, 1434px\" \/><\/a>[\/vc_column_text][vc_empty_space][\/vc_column][\/vc_row]<\/p>\n","protected":false},"excerpt":{"rendered":"<p>[vc_row css_animation=\u00a0\u00bb\u00a0\u00bb row_type=\u00a0\u00bbrow\u00a0\u00bb use_row_as_full_screen_section=\u00a0\u00bbno\u00a0\u00bb type=\u00a0\u00bbfull_width\u00a0\u00bb angled_section=\u00a0\u00bbno\u00a0\u00bb text_align=\u00a0\u00bbleft\u00a0\u00bb background_image_as_pattern=\u00a0\u00bbwithout_pattern\u00a0\u00bb][vc_column][vc_column_text] Service International d&rsquo;\u00c9valuation de la Langue Espagnole ( SIELE ) &nbsp; &nbsp; Qu&rsquo;est-ce qu&rsquo;est le SIELE ? &nbsp; SIELE est le Service International d&rsquo;\u00c9valuation de la Langue Espagnole qui certifie le degr\u00e9 de ma\u00eetrise de l&rsquo;espagnol par&#8230;<\/p>\n","protected":false},"author":19,"featured_media":0,"parent":0,"menu_order":0,"comment_status":"closed","ping_status":"closed","template":"","meta":{"footnotes":""},"class_list":["post-6053","page","type-page","status-publish","hentry"],"yoast_head":"<!-- This site is optimized with the Yoast SEO plugin v24.2 - https:\/\/yoast.com\/wordpress\/plugins\/seo\/ -->\n<title>Certification SIELE - ELE USAL Strasbourg<\/title>\n<meta name=\"robots\" content=\"index, follow, max-snippet:-1, max-image-preview:large, max-video-preview:-1\" \/>\n<link rel=\"canonical\" href=\"https:\/\/strasbourg.eleusal.com\/fr\/certification-siele\/\" \/>\n<meta property=\"og:locale\" content=\"fr_FR\" \/>\n<meta property=\"og:type\" content=\"article\" \/>\n<meta property=\"og:title\" content=\"Certification SIELE - ELE USAL Strasbourg\" \/>\n<meta property=\"og:description\" content=\"[vc_row css_animation=\u00a0\u00bb\u00a0\u00bb row_type=\u00a0\u00bbrow\u00a0\u00bb use_row_as_full_screen_section=\u00a0\u00bbno\u00a0\u00bb type=\u00a0\u00bbfull_width\u00a0\u00bb angled_section=\u00a0\u00bbno\u00a0\u00bb text_align=\u00a0\u00bbleft\u00a0\u00bb background_image_as_pattern=\u00a0\u00bbwithout_pattern\u00a0\u00bb][vc_column][vc_column_text] Service International d&rsquo;\u00c9valuation de la Langue Espagnole ( SIELE ) &nbsp; &nbsp; Qu&rsquo;est-ce qu&rsquo;est le SIELE ? &nbsp; SIELE est le Service International d&rsquo;\u00c9valuation de la Langue Espagnole qui certifie le degr\u00e9 de ma\u00eetrise de l&rsquo;espagnol par...\" \/>\n<meta property=\"og:url\" content=\"https:\/\/strasbourg.eleusal.com\/fr\/certification-siele\/\" \/>\n<meta property=\"og:site_name\" content=\"ELE USAL Strasbourg\" \/>\n<meta property=\"article:publisher\" content=\"https:\/\/www.facebook.com\/StrasbourgELEUSAL\/\" \/>\n<meta property=\"article:modified_time\" content=\"2025-03-22T12:21:27+00:00\" \/>\n<meta property=\"og:image\" content=\"https:\/\/strasbourg.eleusal.com\/wp-content\/uploads\/sites\/29\/2023\/02\/SIELE_FR.jpg\" \/>\n\t<meta property=\"og:image:width\" content=\"1128\" \/>\n\t<meta property=\"og:image:height\" content=\"216\" \/>\n\t<meta property=\"og:image:type\" content=\"image\/jpeg\" \/>\n<meta name=\"twitter:card\" content=\"summary_large_image\" \/>\n<meta name=\"twitter:site\" content=\"@StrasbourgEle\" \/>\n<meta name=\"twitter:label1\" content=\"Dur\u00e9e de lecture estim\u00e9e\" \/>\n\t<meta name=\"twitter:data1\" content=\"4 minutes\" \/>\n<script type=\"application\/ld+json\" class=\"yoast-schema-graph\">{\"@context\":\"https:\/\/schema.org\",\"@graph\":[{\"@type\":\"WebPage\",\"@id\":\"https:\/\/strasbourg.eleusal.com\/fr\/certification-siele\/\",\"url\":\"https:\/\/strasbourg.eleusal.com\/fr\/certification-siele\/\",\"name\":\"Certification SIELE - ELE USAL Strasbourg\",\"isPartOf\":{\"@id\":\"https:\/\/strasbourg.eleusal.com\/fr\/#website\"},\"primaryImageOfPage\":{\"@id\":\"https:\/\/strasbourg.eleusal.com\/fr\/certification-siele\/#primaryimage\"},\"image\":{\"@id\":\"https:\/\/strasbourg.eleusal.com\/fr\/certification-siele\/#primaryimage\"},\"thumbnailUrl\":\"https:\/\/strasbourg.eleusal.com\/wp-content\/uploads\/sites\/29\/2023\/02\/SIELE_FR.jpg\",\"datePublished\":\"2023-02-15T09:24:41+00:00\",\"dateModified\":\"2025-03-22T12:21:27+00:00\",\"breadcrumb\":{\"@id\":\"https:\/\/strasbourg.eleusal.com\/fr\/certification-siele\/#breadcrumb\"},\"inLanguage\":\"fr-FR\",\"potentialAction\":[{\"@type\":\"ReadAction\",\"target\":[\"https:\/\/strasbourg.eleusal.com\/fr\/certification-siele\/\"]}]},{\"@type\":\"ImageObject\",\"inLanguage\":\"fr-FR\",\"@id\":\"https:\/\/strasbourg.eleusal.com\/fr\/certification-siele\/#primaryimage\",\"url\":\"https:\/\/strasbourg.eleusal.com\/wp-content\/uploads\/sites\/29\/2023\/02\/SIELE_FR.jpg\",\"contentUrl\":\"https:\/\/strasbourg.eleusal.com\/wp-content\/uploads\/sites\/29\/2023\/02\/SIELE_FR.jpg\"},{\"@type\":\"BreadcrumbList\",\"@id\":\"https:\/\/strasbourg.eleusal.com\/fr\/certification-siele\/#breadcrumb\",\"itemListElement\":[{\"@type\":\"ListItem\",\"position\":1,\"name\":\"Home\",\"item\":\"https:\/\/strasbourg.eleusal.com\/fr\/\"},{\"@type\":\"ListItem\",\"position\":2,\"name\":\"Certification SIELE\"}]},{\"@type\":\"WebSite\",\"@id\":\"https:\/\/strasbourg.eleusal.com\/fr\/#website\",\"url\":\"https:\/\/strasbourg.eleusal.com\/fr\/\",\"name\":\"ELE USAL Strasbourg\",\"description\":\"Institut de Langue Espagnole, apprentissage espagnol, Strasbourg\",\"publisher\":{\"@id\":\"https:\/\/strasbourg.eleusal.com\/fr\/#organization\"},\"potentialAction\":[{\"@type\":\"SearchAction\",\"target\":{\"@type\":\"EntryPoint\",\"urlTemplate\":\"https:\/\/strasbourg.eleusal.com\/fr\/?s={search_term_string}\"},\"query-input\":{\"@type\":\"PropertyValueSpecification\",\"valueRequired\":true,\"valueName\":\"search_term_string\"}}],\"inLanguage\":\"fr-FR\"},{\"@type\":\"Organization\",\"@id\":\"https:\/\/strasbourg.eleusal.com\/fr\/#organization\",\"name\":\"ELE USAL Strasbourg\",\"url\":\"https:\/\/strasbourg.eleusal.com\/fr\/\",\"logo\":{\"@type\":\"ImageObject\",\"inLanguage\":\"fr-FR\",\"@id\":\"https:\/\/strasbourg.eleusal.com\/fr\/#\/schema\/logo\/image\/\",\"url\":\"https:\/\/strasbourg.eleusal.com\/wp-content\/uploads\/sites\/29\/2025\/06\/ELE_Strasbourg_color-01.png\",\"contentUrl\":\"https:\/\/strasbourg.eleusal.com\/wp-content\/uploads\/sites\/29\/2025\/06\/ELE_Strasbourg_color-01.png\",\"width\":1772,\"height\":2480,\"caption\":\"ELE USAL Strasbourg\"},\"image\":{\"@id\":\"https:\/\/strasbourg.eleusal.com\/fr\/#\/schema\/logo\/image\/\"},\"sameAs\":[\"https:\/\/www.facebook.com\/StrasbourgELEUSAL\/\",\"https:\/\/x.com\/StrasbourgEle\",\"https:\/\/www.instagram.com\/eleusal_strasbourg\/\",\"https:\/\/www.linkedin.com\/company\/strasbourg-ele-usal\/\"]}]}<\/script>\n<!-- \/ Yoast SEO plugin. -->","yoast_head_json":{"title":"Certification SIELE - ELE USAL Strasbourg","robots":{"index":"index","follow":"follow","max-snippet":"max-snippet:-1","max-image-preview":"max-image-preview:large","max-video-preview":"max-video-preview:-1"},"canonical":"https:\/\/strasbourg.eleusal.com\/fr\/certification-siele\/","og_locale":"fr_FR","og_type":"article","og_title":"Certification SIELE - ELE USAL Strasbourg","og_description":"[vc_row css_animation=\u00a0\u00bb\u00a0\u00bb row_type=\u00a0\u00bbrow\u00a0\u00bb use_row_as_full_screen_section=\u00a0\u00bbno\u00a0\u00bb type=\u00a0\u00bbfull_width\u00a0\u00bb angled_section=\u00a0\u00bbno\u00a0\u00bb text_align=\u00a0\u00bbleft\u00a0\u00bb background_image_as_pattern=\u00a0\u00bbwithout_pattern\u00a0\u00bb][vc_column][vc_column_text] Service International d&rsquo;\u00c9valuation de la Langue Espagnole ( SIELE ) &nbsp; &nbsp; Qu&rsquo;est-ce qu&rsquo;est le SIELE ? &nbsp; SIELE est le Service International d&rsquo;\u00c9valuation de la Langue Espagnole qui certifie le degr\u00e9 de ma\u00eetrise de l&rsquo;espagnol par...","og_url":"https:\/\/strasbourg.eleusal.com\/fr\/certification-siele\/","og_site_name":"ELE USAL Strasbourg","article_publisher":"https:\/\/www.facebook.com\/StrasbourgELEUSAL\/","article_modified_time":"2025-03-22T12:21:27+00:00","og_image":[{"width":1128,"height":216,"url":"https:\/\/strasbourg.eleusal.com\/wp-content\/uploads\/sites\/29\/2023\/02\/SIELE_FR.jpg","type":"image\/jpeg"}],"twitter_card":"summary_large_image","twitter_site":"@StrasbourgEle","twitter_misc":{"Dur\u00e9e de lecture estim\u00e9e":"4 minutes"},"schema":{"@context":"https:\/\/schema.org","@graph":[{"@type":"WebPage","@id":"https:\/\/strasbourg.eleusal.com\/fr\/certification-siele\/","url":"https:\/\/strasbourg.eleusal.com\/fr\/certification-siele\/","name":"Certification SIELE - ELE USAL Strasbourg","isPartOf":{"@id":"https:\/\/strasbourg.eleusal.com\/fr\/#website"},"primaryImageOfPage":{"@id":"https:\/\/strasbourg.eleusal.com\/fr\/certification-siele\/#primaryimage"},"image":{"@id":"https:\/\/strasbourg.eleusal.com\/fr\/certification-siele\/#primaryimage"},"thumbnailUrl":"https:\/\/strasbourg.eleusal.com\/wp-content\/uploads\/sites\/29\/2023\/02\/SIELE_FR.jpg","datePublished":"2023-02-15T09:24:41+00:00","dateModified":"2025-03-22T12:21:27+00:00","breadcrumb":{"@id":"https:\/\/strasbourg.eleusal.com\/fr\/certification-siele\/#breadcrumb"},"inLanguage":"fr-FR","potentialAction":[{"@type":"ReadAction","target":["https:\/\/strasbourg.eleusal.com\/fr\/certification-siele\/"]}]},{"@type":"ImageObject","inLanguage":"fr-FR","@id":"https:\/\/strasbourg.eleusal.com\/fr\/certification-siele\/#primaryimage","url":"https:\/\/strasbourg.eleusal.com\/wp-content\/uploads\/sites\/29\/2023\/02\/SIELE_FR.jpg","contentUrl":"https:\/\/strasbourg.eleusal.com\/wp-content\/uploads\/sites\/29\/2023\/02\/SIELE_FR.jpg"},{"@type":"BreadcrumbList","@id":"https:\/\/strasbourg.eleusal.com\/fr\/certification-siele\/#breadcrumb","itemListElement":[{"@type":"ListItem","position":1,"name":"Home","item":"https:\/\/strasbourg.eleusal.com\/fr\/"},{"@type":"ListItem","position":2,"name":"Certification SIELE"}]},{"@type":"WebSite","@id":"https:\/\/strasbourg.eleusal.com\/fr\/#website","url":"https:\/\/strasbourg.eleusal.com\/fr\/","name":"ELE USAL Strasbourg","description":"Institut de Langue Espagnole, apprentissage espagnol, Strasbourg","publisher":{"@id":"https:\/\/strasbourg.eleusal.com\/fr\/#organization"},"potentialAction":[{"@type":"SearchAction","target":{"@type":"EntryPoint","urlTemplate":"https:\/\/strasbourg.eleusal.com\/fr\/?s={search_term_string}"},"query-input":{"@type":"PropertyValueSpecification","valueRequired":true,"valueName":"search_term_string"}}],"inLanguage":"fr-FR"},{"@type":"Organization","@id":"https:\/\/strasbourg.eleusal.com\/fr\/#organization","name":"ELE USAL Strasbourg","url":"https:\/\/strasbourg.eleusal.com\/fr\/","logo":{"@type":"ImageObject","inLanguage":"fr-FR","@id":"https:\/\/strasbourg.eleusal.com\/fr\/#\/schema\/logo\/image\/","url":"https:\/\/strasbourg.eleusal.com\/wp-content\/uploads\/sites\/29\/2025\/06\/ELE_Strasbourg_color-01.png","contentUrl":"https:\/\/strasbourg.eleusal.com\/wp-content\/uploads\/sites\/29\/2025\/06\/ELE_Strasbourg_color-01.png","width":1772,"height":2480,"caption":"ELE USAL Strasbourg"},"image":{"@id":"https:\/\/strasbourg.eleusal.com\/fr\/#\/schema\/logo\/image\/"},"sameAs":["https:\/\/www.facebook.com\/StrasbourgELEUSAL\/","https:\/\/x.com\/StrasbourgEle","https:\/\/www.instagram.com\/eleusal_strasbourg\/","https:\/\/www.linkedin.com\/company\/strasbourg-ele-usal\/"]}]}},"_links":{"self":[{"href":"https:\/\/strasbourg.eleusal.com\/fr\/wp-json\/wp\/v2\/pages\/6053","targetHints":{"allow":["GET"]}}],"collection":[{"href":"https:\/\/strasbourg.eleusal.com\/fr\/wp-json\/wp\/v2\/pages"}],"about":[{"href":"https:\/\/strasbourg.eleusal.com\/fr\/wp-json\/wp\/v2\/types\/page"}],"author":[{"embeddable":true,"href":"https:\/\/strasbourg.eleusal.com\/fr\/wp-json\/wp\/v2\/users\/19"}],"replies":[{"embeddable":true,"href":"https:\/\/strasbourg.eleusal.com\/fr\/wp-json\/wp\/v2\/comments?post=6053"}],"version-history":[{"count":7,"href":"https:\/\/strasbourg.eleusal.com\/fr\/wp-json\/wp\/v2\/pages\/6053\/revisions"}],"predecessor-version":[{"id":15108,"href":"https:\/\/strasbourg.eleusal.com\/fr\/wp-json\/wp\/v2\/pages\/6053\/revisions\/15108"}],"wp:attachment":[{"href":"https:\/\/strasbourg.eleusal.com\/fr\/wp-json\/wp\/v2\/media?parent=6053"}],"curies":[{"name":"wp","href":"https:\/\/api.w.org\/{rel}","templated":true}]}}